{"id":1244,"date":"2025-05-08T18:30:00","date_gmt":"2025-05-08T16:30:00","guid":{"rendered":"https:\/\/tecnoinstal.info\/ingenieria\/"},"modified":"2025-06-12T21:05:49","modified_gmt":"2025-06-12T19:05:49","slug":"ingenieria-instalaciones-industriales","status":"publish","type":"page","link":"https:\/\/tecnoinstal.info\/es\/ingenieria-instalaciones-industriales\/","title":{"rendered":"Ingenier\u00eda"},"content":{"rendered":"<p>[et_pb_section fb_built=\u00bb1&#8243; admin_label=\u00bbSecci\u00f3n Banner\u00bb _builder_version=\u00bb4.27.4&#8243; _module_preset=\u00bbdefault\u00bb background_color=\u00bbrgba(11,11,11,0.4)\u00bb background_image=\u00bbhttps:\/\/tecnoinstal.info\/wp-content\/uploads\/2025\/05\/ingenieria-y-proyectos-industriales.jpg\u00bb background_blend=\u00bboverlay\u00bb min_height=\u00bb411px\u00bb custom_padding=\u00bb120px||65px||false|false\u00bb custom_css_main_element=\u00bbdisplay: flex;||align-items: flex-end;\u00bb global_colors_info=\u00bb{}\u00bb][et_pb_row _builder_version=\u00bb4.27.4&#8243; _module_preset=\u00bbdefault\u00bb custom_margin=\u00bb0px||0px||true|false\u00bb custom_padding=\u00bb0px||0px||true|false\u00bb global_colors_info=\u00bb{}\u00bb][et_pb_column type=\u00bb4_4&#8243; _builder_version=\u00bb4.27.4&#8243; _module_preset=\u00bbdefault\u00bb global_colors_info=\u00bb{}\u00bb][et_pb_text _builder_version=\u00bb4.27.4&#8243; _module_preset=\u00bbdefault\u00bb text_font_size=\u00bb36px\u00bb header_text_align=\u00bbcenter\u00bb text_orientation=\u00bbcenter\u00bb max_width=\u00bb721px\u00bb max_width_tablet=\u00bb721px\u00bb max_width_phone=\u00bb721px\u00bb max_width_last_edited=\u00bbon|phone\u00bb module_alignment=\u00bbcenter\u00bb animation_style=\u00bbfold\u00bb header_font_size_tablet=\u00bb38px\u00bb header_font_size_phone=\u00bb30px\u00bb header_font_size_last_edited=\u00bbon|phone\u00bb global_colors_info=\u00bb{}\u00bb]<\/p>\n<h1>Ingenier\u00eda y desarrollo de proyectos industriales<\/h1>\n<p>[\/et_pb_text][\/et_pb_column][\/et_pb_row][\/et_pb_section][et_pb_section fb_built=\u00bb1&#8243; admin_label=\u00bbSecci\u00f3n Detalle\u00bb _builder_version=\u00bb4.27.4&#8243; _module_preset=\u00bbdefault\u00bb custom_padding_tablet=\u00bb120px||120px||true|false\u00bb global_colors_info=\u00bb{}\u00bb][et_pb_row column_structure=\u00bb3_5,2_5&#8243; use_custom_gutter=\u00bbon\u00bb make_equal=\u00bbon\u00bb admin_label=\u00bbFila\u00bb _builder_version=\u00bb4.27.4&#8243; _module_preset=\u00bbdefault\u00bb width=\u00bb90%\u00bb custom_padding=\u00bb0px||0px||true|false\u00bb global_colors_info=\u00bb{}\u00bb custom_css_main_element_last_edited=\u00bbon|tablet\u00bb custom_css_main_element_tablet=\u00bbdisplay: flex;||flex-direction: column;\u00bb custom_css_main_element_phone=\u00bbdisplay: flex;||flex-direction: column;\u00bb][et_pb_column type=\u00bb3_5&#8243; _builder_version=\u00bb4.27.4&#8243; _module_preset=\u00bbdefault\u00bb global_colors_info=\u00bb{}\u00bb custom_css_main_element_last_edited=\u00bbon|phone\u00bb custom_css_main_element_tablet=\u00bbmargin-top: 60px;||margin-bottom: 0;||order: 1;\u00bb custom_css_main_element_phone=\u00bbmargin-top: 60px;||margin-bottom: 0;||order: 1;\u00bb][et_pb_text _builder_version=\u00bb4.27.4&#8243; _module_preset=\u00bbdefault\u00bb header_text_color=\u00bb#FFFFFF\u00bb header_2_text_color=\u00bb#000000&#8243; header_2_font_size=\u00bb38px\u00bb header_2_line_height=\u00bb1.2em\u00bb max_width=\u00bb567px\u00bb max_width_tablet=\u00bb567px\u00bb max_width_phone=\u00bb567px\u00bb max_width_last_edited=\u00bbon|phone\u00bb custom_margin=\u00bb||35px||false|false\u00bb animation_style=\u00bbfold\u00bb header_font_size_tablet=\u00bb\u00bb header_font_size_phone=\u00bb\u00bb header_font_size_last_edited=\u00bbon|tablet\u00bb header_2_font_size_tablet=\u00bb32px\u00bb header_2_font_size_phone=\u00bb24px\u00bb header_2_font_size_last_edited=\u00bbon|phone\u00bb global_colors_info=\u00bb{}\u00bb]<\/p>\n<h2>Soluciones de ingenier\u00eda adaptadas a cada necesidad<\/h2>\n<p>[\/et_pb_text][et_pb_text _builder_version=\u00bb4.27.4&#8243; _module_preset=\u00bbdefault\u00bb text_line_height=\u00bb25px\u00bb max_width=\u00bb644px\u00bb custom_margin=\u00bb||45px||false|false\u00bb animation_style=\u00bbflip\u00bb text_text_color_tablet=\u00bb\u00bb text_text_color_phone=\u00bb\u00bb text_text_color_last_edited=\u00bbon|desktop\u00bb text_font_size_tablet=\u00bb16px\u00bb text_font_size_phone=\u00bb16px\u00bb text_font_size_last_edited=\u00bbon|phone\u00bb global_colors_info=\u00bb{}\u00bb]<\/p>\n<p>En Tecnoinstalaciones, somos una ingenier\u00eda especializada en el <strong style=\"font-weight: 600;\">dise\u00f1o, ejecuci\u00f3n y mejora de proyectos industriales<\/strong> de instalaciones y mantenimiento.<\/p>\n<p><\/p>\n<p>&nbsp;<\/p>\n<p><\/p>\n<p>Contamos con un equipo t\u00e9cnico altamente cualificado y multidisciplinar, con experiencia contrastada en <strong style=\"font-weight: 600;\">m\u00faltiples sectores<\/strong>: alimenticio, agroalimentario, farmac\u00e9utico, automoci\u00f3n, artes gr\u00e1ficas, industria del mueble, servicios p\u00fablicos y muchos m\u00e1s.<\/p>\n<p><\/p>\n<p>&nbsp;<\/p>\n<p><\/p>\n<p>Nos adaptamos a cada cliente para ofrecerle <strong style=\"font-weight: 600;\">soluciones globales, eficientes y personalizadas.<\/strong><\/p>\n<p>[\/et_pb_text][et_pb_button button_url=\u00bb@ET-DC@eyJkeW5hbWljIjp0cnVlLCJjb250ZW50IjoicG9zdF9saW5rX3VybF9wYWdlIiwic2V0dGluZ3MiOnsicG9zdF9pZCI6IjE1MyJ9fQ==@\u00bb button_text=\u00bbPedir informaci\u00f3n\u00bb _builder_version=\u00bb4.27.4&#8243; _dynamic_attributes=\u00bbbutton_url\u00bb _module_preset=\u00bbdefault\u00bb custom_margin=\u00bb||0px||false|false\u00bb custom_padding=\u00bb11px|30px|11px|30px|true|true\u00bb animation_style=\u00bbzoom\u00bb global_colors_info=\u00bb{}\u00bb][\/et_pb_button][\/et_pb_column][et_pb_column type=\u00bb2_5&#8243; _builder_version=\u00bb4.27.4&#8243; _module_preset=\u00bbdefault\u00bb custom_css_main_element=\u00bbdisplay: flex;||align-items: center;\u00bb global_colors_info=\u00bb{}\u00bb custom_css_main_element_last_edited=\u00bbon|phone\u00bb custom_css_main_element_tablet=\u00bbmargin-bottom: 0;\u00bb custom_css_main_element_phone=\u00bbmargin-bottom: 0;\u00bb][et_pb_image src=\u00bbhttps:\/\/tecnoinstal.info\/wp-content\/uploads\/2025\/05\/soluciones-de-ingenieria.jpg\u00bb title_text=\u00bbsoluciones de ingenier\u00eda\u00bb align=\u00bbright\u00bb align_tablet=\u00bbleft\u00bb align_phone=\u00bbleft\u00bb align_last_edited=\u00bbon|tablet\u00bb module_class=\u00bbimg-detalle\u00bb _builder_version=\u00bb4.27.4&#8243; _module_preset=\u00bbdefault\u00bb animation_style=\u00bbzoom\u00bb global_colors_info=\u00bb{}\u00bb][\/et_pb_image][\/et_pb_column][\/et_pb_row][\/et_pb_section][et_pb_section fb_built=\u00bb1&#8243; admin_label=\u00bbSecci\u00f3n Disseny\u00bb _builder_version=\u00bb4.27.4&#8243; _module_preset=\u00bbdefault\u00bb background_color=\u00bb#464646&#8243; custom_padding_tablet=\u00bb120px||120px||true|false\u00bb global_colors_info=\u00bb{}\u00bb][et_pb_row _builder_version=\u00bb4.27.4&#8243; _module_preset=\u00bbdefault\u00bb custom_padding=\u00bb0px||0px||false|false\u00bb global_colors_info=\u00bb{}\u00bb][et_pb_column type=\u00bb4_4&#8243; _builder_version=\u00bb4.27.4&#8243; _module_preset=\u00bbdefault\u00bb global_colors_info=\u00bb{}\u00bb][et_pb_text _builder_version=\u00bb4.27.4&#8243; _module_preset=\u00bbdefault\u00bb header_2_text_align=\u00bbcenter\u00bb header_2_font_size=\u00bb38px\u00bb max_width=\u00bb807px\u00bb max_width_tablet=\u00bb807px\u00bb max_width_phone=\u00bb807px\u00bb max_width_last_edited=\u00bbon|desktop\u00bb module_alignment=\u00bbcenter\u00bb custom_margin=\u00bb||40px||false|false\u00bb custom_padding=\u00bb||0px||false|false\u00bb animation_style=\u00bbfold\u00bb header_2_font_size_tablet=\u00bb32px\u00bb header_2_font_size_phone=\u00bb24px\u00bb header_2_font_size_last_edited=\u00bbon|phone\u00bb global_colors_info=\u00bb{}\u00bb]<\/p>\n<h2>Dise\u00f1o y ejecuci\u00f3n de instalaciones el\u00e9ctricas<\/h2>\n<p>[\/et_pb_text][et_pb_text _builder_version=\u00bb4.27.4&#8243; _module_preset=\u00bbdefault\u00bb text_text_color=\u00bb#FFFFFF\u00bb text_line_height=\u00bb25px\u00bb text_orientation=\u00bbcenter\u00bb max_width=\u00bb639px\u00bb module_alignment=\u00bbcenter\u00bb custom_margin=\u00bb||0px||false|false\u00bb animation_style=\u00bbflip\u00bb global_colors_info=\u00bb{}\u00bb]<\/p>\n<p>Desarrollamos <strong>cuadros el\u00e9ctricos a medida<\/strong>, montados y testeados en nuestro taller, con toda la documentaci\u00f3n t\u00e9cnica necesaria. Nos encargamos de la realizaci\u00f3n y gesti\u00f3n de <strong>todo tipo de instalaciones el\u00e9ctricas<\/strong> , tanto generales como de procesos de producci\u00f3n. <\/p>\n<p><\/p>\n<p>&nbsp;<\/p>\n<p><\/p>\n<p><strong>Nuestros servicios incluyen:<\/strong><\/p>\n<p><\/p>\n<p><span><\/span><\/p>\n<p>[\/et_pb_text][et_pb_text _builder_version=\u00bb4.27.4&#8243; _module_preset=\u00bbdefault\u00bb text_text_color=\u00bb#FFFFFF\u00bb text_line_height=\u00bb25px\u00bb text_orientation=\u00bbcenter\u00bb max_width=\u00bb639px\u00bb module_alignment=\u00bbcenter\u00bb animation_style=\u00bbflip\u00bb global_colors_info=\u00bb{}\u00bb]<\/p>\n<p>\u2022 Anteproyectos y redacci\u00f3n de proyectos<br \/> \u2022 Tramitaci\u00f3n y certificaci\u00f3n oficial<br \/> \u2022 Ejecuci\u00f3n y puesta en marcha<br \/> \u2022 Asesoramiento t\u00e9cnico y legal<\/p>\n<p>[\/et_pb_text][et_pb_button button_url=\u00bb@ET-DC@eyJkeW5hbWljIjp0cnVlLCJjb250ZW50IjoicG9zdF9saW5rX3VybF9wYWdlIiwic2V0dGluZ3MiOnsicG9zdF9pZCI6IjE1MyJ9fQ==@\u00bb button_text=\u00bbContactar\u00bb button_alignment=\u00bbcenter\u00bb _builder_version=\u00bb4.27.4&#8243; _dynamic_attributes=\u00bbbutton_url\u00bb _module_preset=\u00bbdefault\u00bb custom_margin=\u00bb45px||||false|false\u00bb custom_padding=\u00bb10px|30px|10px|30px|true|true\u00bb animation_style=\u00bbzoom\u00bb global_colors_info=\u00bb{}\u00bb][\/et_pb_button][\/et_pb_column][\/et_pb_row][\/et_pb_section][et_pb_section fb_built=\u00bb1&#8243; admin_label=\u00bbSecci\u00f3n Analisis\u00bb _builder_version=\u00bb4.27.4&#8243; _module_preset=\u00bbdefault\u00bb custom_padding_tablet=\u00bb120px||120px||true|false\u00bb global_colors_info=\u00bb{}\u00bb][et_pb_row column_structure=\u00bb3_5,2_5&#8243; use_custom_gutter=\u00bbon\u00bb gutter_width=\u00bb2&#8243; make_equal=\u00bbon\u00bb _builder_version=\u00bb4.27.4&#8243; _module_preset=\u00bbdefault\u00bb width=\u00bb90%\u00bb custom_margin=\u00bb0px||0px||true|false\u00bb custom_padding=\u00bb0px||0px||false|false\u00bb global_colors_info=\u00bb{}\u00bb custom_css_main_element_last_edited=\u00bbon|tablet\u00bb custom_css_main_element_tablet=\u00bbdisplay: flex;||flex-direction: column;||align-items: center;\u00bb custom_css_main_element_phone=\u00bbdisplay: flex;||flex-direction: column;||align-items: center;\u00bb][et_pb_column type=\u00bb3_5&#8243; _builder_version=\u00bb4.27.4&#8243; _module_preset=\u00bbdefault\u00bb global_colors_info=\u00bb{}\u00bb custom_css_main_element_last_edited=\u00bbon|phone\u00bb custom_css_main_element_tablet=\u00bbmargin-top: 60px;||margin-bottom: 0;||order: 1;\u00bb custom_css_main_element_phone=\u00bbmargin-top: 60px;||margin-bottom: 0;||order: 1;\u00bb][et_pb_text _builder_version=\u00bb4.27.4&#8243; _module_preset=\u00bbdefault\u00bb header_font_size=\u00bb32px\u00bb header_2_text_color=\u00bb#000000&#8243; header_2_font_size=\u00bb38px\u00bb max_width=\u00bb694px\u00bb max_width_tablet=\u00bb694px\u00bb max_width_phone=\u00bb694px\u00bb max_width_last_edited=\u00bbon|phone\u00bb custom_margin=\u00bb||40px||false|false\u00bb animation_style=\u00bbfold\u00bb hover_enabled=\u00bb0&#8243; header_text_color_tablet=\u00bb\u00bb header_text_color_phone=\u00bb\u00bb header_text_color_last_edited=\u00bbon|tablet\u00bb header_2_text_color_tablet=\u00bb#000000&#8243; header_2_text_color_phone=\u00bb#000000&#8243; header_2_text_color_last_edited=\u00bbon|tablet\u00bb header_2_font_size_tablet=\u00bb32px\u00bb header_2_font_size_phone=\u00bb24px\u00bb header_2_font_size_last_edited=\u00bbon|phone\u00bb module_alignment_tablet=\u00bb\u00bb module_alignment_phone=\u00bb\u00bb module_alignment_last_edited=\u00bbon|desktop\u00bb global_colors_info=\u00bb{}\u00bb sticky_enabled=\u00bb0&#8243;]<\/p>\n<h2>An\u00e1lisis t\u00e9cnicos e instalaci\u00f3n de campo<\/h2>\n<p><\/p>\n<div id=\"gtx-trans\" style=\"position: absolute; left: 173px; top: 51.9062px;\">\n<div class=\"gtx-trans-icon\"><\/div>\n<p><\/div>\n<p>[\/et_pb_text][et_pb_text _builder_version=\u00bb4.27.4&#8243; _module_preset=\u00bbdefault\u00bb text_line_height=\u00bb25px\u00bb max_width=\u00bb602px\u00bb animation_style=\u00bbflip\u00bb text_font_size_tablet=\u00bb16px\u00bb text_font_size_phone=\u00bb16px\u00bb text_font_size_last_edited=\u00bbon|phone\u00bb global_colors_info=\u00bb{}\u00bb]<\/p>\n<p>Aplicamos <strong>herramientas de medida electr\u00f3nica avanzadas<\/strong> para garantizar el buen funcionamiento y seguridad de las instalaciones:<\/p>\n<p>[\/et_pb_text][et_pb_text _builder_version=\u00bb4.27.4&#8243; _module_preset=\u00bbdefault\u00bb text_line_height=\u00bb25px\u00bb max_width=\u00bb602px\u00bb custom_padding=\u00bb|||15px|false|false\u00bb animation_style=\u00bbflip\u00bb text_font_size_tablet=\u00bb16px\u00bb text_font_size_phone=\u00bb16px\u00bb text_font_size_last_edited=\u00bbon|phone\u00bb global_colors_info=\u00bb{}\u00bb]<\/p>\n<p>\u2022 An\u00e1lisis de fugas de corriente y saltos de diferenciales<br \/> \u2022 Medida de arm\u00f3nicos y termograf\u00edas<br \/> \u2022 Revisiones de secciones de cable, resistencias y aislamientos<br \/> \u2022 Informes t\u00e9cnicos con gr\u00e1ficos y valoraciones<\/p>\n<p>[\/et_pb_text][et_pb_text _builder_version=\u00bb4.27.4&#8243; _module_preset=\u00bbdefault\u00bb text_line_height=\u00bb25px\u00bb max_width=\u00bb602px\u00bb animation_style=\u00bbflip\u00bb text_font_size_tablet=\u00bb16px\u00bb text_font_size_phone=\u00bb16px\u00bb text_font_size_last_edited=\u00bbon|phone\u00bb global_colors_info=\u00bb{}\u00bb]<\/p>\n<p>Adem\u00e1s, ejecutamos <strong>todo tipo de cableados y montajes en planta<\/strong> , as\u00ed como <strong>mejoras y adecuaciones de maquinaria.<\/strong><\/p>\n<p>[\/et_pb_text][\/et_pb_column][et_pb_column type=\u00bb2_5&#8243; _builder_version=\u00bb4.27.4&#8243; _module_preset=\u00bbdefault\u00bb custom_css_main_element=\u00bbdisplay: flex;||align-items: center;\u00bb global_colors_info=\u00bb{}\u00bb custom_css_main_element_last_edited=\u00bbon|phone\u00bb custom_css_main_element_tablet=\u00bbmargin-bottom: 0;\u00bb custom_css_main_element_phone=\u00bbmargin-bottom: 0;\u00bb][et_pb_image src=\u00bbhttps:\/\/tecnoinstal.info\/wp-content\/uploads\/2025\/05\/instalacion-de-campo.jpg\u00bb title_text=\u00bbinstalaci\u00f3n de campo\u00bb align=\u00bbright\u00bb align_tablet=\u00bbleft\u00bb align_phone=\u00bbleft\u00bb align_last_edited=\u00bbon|tablet\u00bb _builder_version=\u00bb4.27.4&#8243; _module_preset=\u00bbdefault\u00bb animation_style=\u00bbzoom\u00bb global_colors_info=\u00bb{}\u00bb][\/et_pb_image][\/et_pb_column][\/et_pb_row][\/et_pb_section][et_pb_section fb_built=\u00bb1&#8243; admin_label=\u00bbSecci\u00f3n T&#8217;ajudem\u00bb _builder_version=\u00bb4.27.4&#8243; _module_preset=\u00bbdefault\u00bb background_color=\u00bb#464646&#8243; custom_padding_tablet=\u00bb120px||120px||true|false\u00bb global_colors_info=\u00bb{}\u00bb][et_pb_row _builder_version=\u00bb4.27.4&#8243; _module_preset=\u00bbdefault\u00bb width=\u00bb90%\u00bb custom_padding=\u00bb0px||0px||true|false\u00bb global_colors_info=\u00bb{}\u00bb][et_pb_column type=\u00bb4_4&#8243; _builder_version=\u00bb4.27.4&#8243; _module_preset=\u00bbdefault\u00bb global_colors_info=\u00bb{}\u00bb][et_pb_text _builder_version=\u00bb4.27.4&#8243; _module_preset=\u00bbdefault\u00bb header_2_text_align=\u00bbcenter\u00bb header_2_font_size=\u00bb38px\u00bb header_2_line_height=\u00bb1.2em\u00bb max_width=\u00bb567px\u00bb module_alignment=\u00bbcenter\u00bb custom_margin=\u00bb||0px||false|false\u00bb custom_padding=\u00bb||40px||false|false\u00bb animation_style=\u00bbfold\u00bb header_2_font_size_tablet=\u00bb32px\u00bb header_2_font_size_phone=\u00bb24px\u00bb header_2_font_size_last_edited=\u00bbon|desktop\u00bb global_colors_info=\u00bb{}\u00bb]<\/p>\n<h2>Te ayudamos a mejorar tus procesos industriales<\/h2>\n<p>[\/et_pb_text][et_pb_text _builder_version=\u00bb4.27.4&#8243; _module_preset=\u00bbdefault\u00bb text_text_color=\u00bb#FFFFFF\u00bb text_line_height=\u00bb25px\u00bb header_text_align=\u00bbcenter\u00bb text_orientation=\u00bbcenter\u00bb max_width=\u00bb476px\u00bb module_alignment=\u00bbcenter\u00bb custom_margin=\u00bb||45px||false|false\u00bb animation_style=\u00bbflip\u00bb global_colors_info=\u00bb{}\u00bb]<\/p>\n<p>Sea cual sea tu sector, <strong>te acompa\u00f1amos en todo el ciclo del proyecto<\/strong> : desde el dise\u00f1o hasta la puesta en marcha, con el compromiso y la calidad que nos caracterizan.<\/p>\n<p>[\/et_pb_text][et_pb_button button_url=\u00bb@ET-DC@eyJkeW5hbWljIjp0cnVlLCJjb250ZW50IjoicG9zdF9saW5rX3VybF9wYWdlIiwic2V0dGluZ3MiOnsicG9zdF9pZCI6IjE1MyJ9fQ==@\u00bb button_text=\u00bbQuiero informarme\u00bb button_alignment=\u00bbcenter\u00bb _builder_version=\u00bb4.27.4&#8243; _dynamic_attributes=\u00bbbutton_url\u00bb _module_preset=\u00bbdefault\u00bb custom_padding=\u00bb11px|30px|11px|30px|true|true\u00bb animation_style=\u00bbzoom\u00bb global_colors_info=\u00bb{}\u00bb][\/et_pb_button][\/et_pb_column][\/et_pb_row][\/et_pb_section]<\/p>\n","protected":false},"excerpt":{"rendered":"<p>Ingenier\u00eda y desarrollo de proyectos industrialesSoluciones de ingenier\u00eda adaptadas a cada necesidadEn Tecnoinstalaciones, somos una ingenier\u00eda especializada en el dise\u00f1o, ejecuci\u00f3n y mejora de proyectos industriales de instalaciones y mantenimiento.&nbsp;Contamos con un equipo t\u00e9cnico altamente cualificado y multidisciplinar, con experiencia contrastada en m\u00faltiples sectores: alimenticio, agroalimentario, farmac\u00e9utico, automoci\u00f3n, artes gr\u00e1ficas, industria del mueble, servicios p\u00fablicos [&hellip;]<\/p>\n","protected":false},"author":1,"featured_media":0,"parent":0,"menu_order":1,"comment_status":"closed","ping_status":"closed","template":"","meta":{"_et_pb_use_builder":"on","_et_pb_old_content":"","_et_gb_content_width":"","inline_featured_image":false,"footnotes":""},"class_list":["post-1244","page","type-page","status-publish","hentry"],"yoast_head":"<!-- This site is optimized with the Yoast SEO plugin v25.3 - https:\/\/yoast.com\/wordpress\/plugins\/seo\/ -->\n<title>Ingenier\u00eda para instalaciones industriales y automatizaci\u00f3n |<\/title>\n<meta name=\"description\" content=\"Empresa dedicada a proyectos de ingenier\u00eda industrial, dise\u00f1o de instalaciones y automatizaci\u00f3n a medida.\" \/>\n<meta name=\"robots\" content=\"index, follow, max-snippet:-1, max-image-preview:large, max-video-preview:-1\" \/>\n<link rel=\"canonical\" href=\"https:\/\/tecnoinstal.info\/es\/ingenieria-instalaciones-industriales\/\" \/>\n<meta property=\"og:locale\" content=\"es_ES\" \/>\n<meta property=\"og:type\" content=\"article\" \/>\n<meta property=\"og:title\" content=\"Ingenier\u00eda para instalaciones industriales y automatizaci\u00f3n |\" \/>\n<meta property=\"og:description\" content=\"Empresa dedicada a proyectos de ingenier\u00eda industrial, dise\u00f1o de instalaciones y automatizaci\u00f3n a medida.\" \/>\n<meta property=\"og:url\" content=\"https:\/\/tecnoinstal.info\/es\/ingenieria-instalaciones-industriales\/\" \/>\n<meta property=\"og:site_name\" content=\"Instal\u00b7lacions i manteniment\" \/>\n<meta property=\"article:modified_time\" content=\"2025-06-12T19:05:49+00:00\" \/>\n<meta name=\"twitter:card\" content=\"summary_large_image\" \/>\n<meta name=\"twitter:label1\" content=\"Tiempo de lectura\" \/>\n\t<meta name=\"twitter:data1\" content=\"9 minutos\" \/>\n<script type=\"application\/ld+json\" class=\"yoast-schema-graph\">{\"@context\":\"https:\/\/schema.org\",\"@graph\":[{\"@type\":\"WebPage\",\"@id\":\"https:\/\/tecnoinstal.info\/es\/ingenieria-instalaciones-industriales\/\",\"url\":\"https:\/\/tecnoinstal.info\/es\/ingenieria-instalaciones-industriales\/\",\"name\":\"Ingenier\u00eda para instalaciones industriales y automatizaci\u00f3n |\",\"isPartOf\":{\"@id\":\"https:\/\/tecnoinstal.info\/es\/#website\"},\"datePublished\":\"2025-05-08T16:30:00+00:00\",\"dateModified\":\"2025-06-12T19:05:49+00:00\",\"description\":\"Empresa dedicada a proyectos de ingenier\u00eda industrial, dise\u00f1o de instalaciones y automatizaci\u00f3n a medida.\",\"breadcrumb\":{\"@id\":\"https:\/\/tecnoinstal.info\/es\/ingenieria-instalaciones-industriales\/#breadcrumb\"},\"inLanguage\":\"es\",\"potentialAction\":[{\"@type\":\"ReadAction\",\"target\":[\"https:\/\/tecnoinstal.info\/es\/ingenieria-instalaciones-industriales\/\"]}]},{\"@type\":\"BreadcrumbList\",\"@id\":\"https:\/\/tecnoinstal.info\/es\/ingenieria-instalaciones-industriales\/#breadcrumb\",\"itemListElement\":[{\"@type\":\"ListItem\",\"position\":1,\"name\":\"Portada\",\"item\":\"https:\/\/tecnoinstal.info\/es\/\"},{\"@type\":\"ListItem\",\"position\":2,\"name\":\"Ingenier\u00eda\"}]},{\"@type\":\"WebSite\",\"@id\":\"https:\/\/tecnoinstal.info\/es\/#website\",\"url\":\"https:\/\/tecnoinstal.info\/es\/\",\"name\":\"Instal\u00b7lacions i manteniment\",\"description\":\"Instal\u00b7lacions i manteniment industrial per a empreses | Tecnoinstal\u00b7lacions\",\"potentialAction\":[{\"@type\":\"SearchAction\",\"target\":{\"@type\":\"EntryPoint\",\"urlTemplate\":\"https:\/\/tecnoinstal.info\/es\/?s={search_term_string}\"},\"query-input\":{\"@type\":\"PropertyValueSpecification\",\"valueRequired\":true,\"valueName\":\"search_term_string\"}}],\"inLanguage\":\"es\"}]}<\/script>\n<!-- \/ Yoast SEO plugin. -->","yoast_head_json":{"title":"Ingenier\u00eda para instalaciones industriales y automatizaci\u00f3n |","description":"Empresa dedicada a proyectos de ingenier\u00eda industrial, dise\u00f1o de instalaciones y automatizaci\u00f3n a medida.","robots":{"index":"index","follow":"follow","max-snippet":"max-snippet:-1","max-image-preview":"max-image-preview:large","max-video-preview":"max-video-preview:-1"},"canonical":"https:\/\/tecnoinstal.info\/es\/ingenieria-instalaciones-industriales\/","og_locale":"es_ES","og_type":"article","og_title":"Ingenier\u00eda para instalaciones industriales y automatizaci\u00f3n |","og_description":"Empresa dedicada a proyectos de ingenier\u00eda industrial, dise\u00f1o de instalaciones y automatizaci\u00f3n a medida.","og_url":"https:\/\/tecnoinstal.info\/es\/ingenieria-instalaciones-industriales\/","og_site_name":"Instal\u00b7lacions i manteniment","article_modified_time":"2025-06-12T19:05:49+00:00","twitter_card":"summary_large_image","twitter_misc":{"Tiempo de lectura":"9 minutos"},"schema":{"@context":"https:\/\/schema.org","@graph":[{"@type":"WebPage","@id":"https:\/\/tecnoinstal.info\/es\/ingenieria-instalaciones-industriales\/","url":"https:\/\/tecnoinstal.info\/es\/ingenieria-instalaciones-industriales\/","name":"Ingenier\u00eda para instalaciones industriales y automatizaci\u00f3n |","isPartOf":{"@id":"https:\/\/tecnoinstal.info\/es\/#website"},"datePublished":"2025-05-08T16:30:00+00:00","dateModified":"2025-06-12T19:05:49+00:00","description":"Empresa dedicada a proyectos de ingenier\u00eda industrial, dise\u00f1o de instalaciones y automatizaci\u00f3n a medida.","breadcrumb":{"@id":"https:\/\/tecnoinstal.info\/es\/ingenieria-instalaciones-industriales\/#breadcrumb"},"inLanguage":"es","potentialAction":[{"@type":"ReadAction","target":["https:\/\/tecnoinstal.info\/es\/ingenieria-instalaciones-industriales\/"]}]},{"@type":"BreadcrumbList","@id":"https:\/\/tecnoinstal.info\/es\/ingenieria-instalaciones-industriales\/#breadcrumb","itemListElement":[{"@type":"ListItem","position":1,"name":"Portada","item":"https:\/\/tecnoinstal.info\/es\/"},{"@type":"ListItem","position":2,"name":"Ingenier\u00eda"}]},{"@type":"WebSite","@id":"https:\/\/tecnoinstal.info\/es\/#website","url":"https:\/\/tecnoinstal.info\/es\/","name":"Instal\u00b7lacions i manteniment","description":"Instal\u00b7lacions i manteniment industrial per a empreses | Tecnoinstal\u00b7lacions","potentialAction":[{"@type":"SearchAction","target":{"@type":"EntryPoint","urlTemplate":"https:\/\/tecnoinstal.info\/es\/?s={search_term_string}"},"query-input":{"@type":"PropertyValueSpecification","valueRequired":true,"valueName":"search_term_string"}}],"inLanguage":"es"}]}},"_links":{"self":[{"href":"https:\/\/tecnoinstal.info\/es\/wp-json\/wp\/v2\/pages\/1244","targetHints":{"allow":["GET"]}}],"collection":[{"href":"https:\/\/tecnoinstal.info\/es\/wp-json\/wp\/v2\/pages"}],"about":[{"href":"https:\/\/tecnoinstal.info\/es\/wp-json\/wp\/v2\/types\/page"}],"author":[{"embeddable":true,"href":"https:\/\/tecnoinstal.info\/es\/wp-json\/wp\/v2\/users\/1"}],"replies":[{"embeddable":true,"href":"https:\/\/tecnoinstal.info\/es\/wp-json\/wp\/v2\/comments?post=1244"}],"version-history":[{"count":16,"href":"https:\/\/tecnoinstal.info\/es\/wp-json\/wp\/v2\/pages\/1244\/revisions"}],"predecessor-version":[{"id":1293,"href":"https:\/\/tecnoinstal.info\/es\/wp-json\/wp\/v2\/pages\/1244\/revisions\/1293"}],"wp:attachment":[{"href":"https:\/\/tecnoinstal.info\/es\/wp-json\/wp\/v2\/media?parent=1244"}],"curies":[{"name":"wp","href":"https:\/\/api.w.org\/{rel}","templated":true}]}}