{"id":1250,"date":"2025-05-08T18:30:42","date_gmt":"2025-05-08T16:30:42","guid":{"rendered":"https:\/\/tecnoinstal.info\/instalaciones\/"},"modified":"2025-06-12T21:07:12","modified_gmt":"2025-06-12T19:07:12","slug":"gestion-instalaciones-electricas","status":"publish","type":"page","link":"https:\/\/tecnoinstal.info\/es\/gestion-instalaciones-electricas\/","title":{"rendered":"Instalaciones"},"content":{"rendered":"<p>[et_pb_section fb_built=\u00bb1&#8243; admin_label=\u00bbSecci\u00f3n Banner\u00bb _builder_version=\u00bb4.27.4&#8243; _module_preset=\u00bbdefault\u00bb background_color=\u00bbrgba(11,11,11,0.4)\u00bb background_image=\u00bbhttps:\/\/tecnoinstal.info\/wp-content\/uploads\/2025\/05\/instalaciones-industriales.jpg\u00bb background_blend=\u00bboverlay\u00bb min_height=\u00bb411px\u00bb custom_padding=\u00bb120px||75px||false|false\u00bb custom_css_main_element=\u00bbdisplay: flex;||align-items: flex-end;\u00bb locked=\u00bboff\u00bb global_colors_info=\u00bb{}\u00bb][et_pb_row _builder_version=\u00bb4.27.4&#8243; _module_preset=\u00bbdefault\u00bb width=\u00bb90%\u00bb custom_margin=\u00bb0px||0px||true|false\u00bb custom_padding=\u00bb0px||0px||true|false\u00bb global_colors_info=\u00bb{}\u00bb][et_pb_column type=\u00bb4_4&#8243; _builder_version=\u00bb4.27.4&#8243; _module_preset=\u00bbdefault\u00bb global_colors_info=\u00bb{}\u00bb][et_pb_text _builder_version=\u00bb4.27.4&#8243; _module_preset=\u00bbdefault\u00bb text_font_size=\u00bb36px\u00bb header_text_align=\u00bbcenter\u00bb header_line_height=\u00bb1.2em\u00bb text_orientation=\u00bbcenter\u00bb max_width=\u00bb721px\u00bb max_width_tablet=\u00bb721px\u00bb max_width_phone=\u00bb721px\u00bb max_width_last_edited=\u00bbon|phone\u00bb module_alignment=\u00bbcenter\u00bb animation_style=\u00bbfold\u00bb header_font_size_tablet=\u00bb38px\u00bb header_font_size_phone=\u00bb30px\u00bb header_font_size_last_edited=\u00bbon|phone\u00bb global_colors_info=\u00bb{}\u00bb]<\/p>\n<h1>Gesti\u00f3n de instalaciones industriales<\/h1>\n<p>[\/et_pb_text][\/et_pb_column][\/et_pb_row][\/et_pb_section][et_pb_section fb_built=\u00bb1&#8243; admin_label=\u00bbSecci\u00f3n Detalle\u00bb _builder_version=\u00bb4.27.4&#8243; _module_preset=\u00bbdefault\u00bb custom_padding_tablet=\u00bb120px||120px||true|false\u00bb locked=\u00bboff\u00bb global_colors_info=\u00bb{}\u00bb][et_pb_row column_structure=\u00bb1_2,1_2&#8243; use_custom_gutter=\u00bbon\u00bb make_equal=\u00bbon\u00bb admin_label=\u00bbFila\u00bb _builder_version=\u00bb4.27.4&#8243; _module_preset=\u00bbdefault\u00bb width=\u00bb90%\u00bb custom_padding=\u00bb0px||0px||true|false\u00bb global_colors_info=\u00bb{}\u00bb custom_css_main_element_last_edited=\u00bbon|tablet\u00bb custom_css_main_element_tablet=\u00bbdisplay: flex;||flex-direction: column;\u00bb custom_css_main_element_phone=\u00bbdisplay: flex;||flex-direction: column;\u00bb][et_pb_column type=\u00bb1_2&#8243; _builder_version=\u00bb4.27.4&#8243; _module_preset=\u00bbdefault\u00bb global_colors_info=\u00bb{}\u00bb custom_css_main_element_last_edited=\u00bbon|phone\u00bb custom_css_main_element_tablet=\u00bbmargin-top: 60px;||margin-bottom: 0;||order: 1;\u00bb custom_css_main_element_phone=\u00bbmargin-top: 60px;||margin-bottom: 0;||order: 1;\u00bb][et_pb_text _builder_version=\u00bb4.27.4&#8243; _module_preset=\u00bbdefault\u00bb header_text_color=\u00bb#FFFFFF\u00bb header_2_text_color=\u00bb#000000&#8243; header_2_font_size=\u00bb38px\u00bb header_2_line_height=\u00bb1.2em\u00bb max_width=\u00bb567px\u00bb max_width_tablet=\u00bb567px\u00bb max_width_phone=\u00bb567px\u00bb max_width_last_edited=\u00bbon|phone\u00bb custom_margin=\u00bb||40px||false|false\u00bb animation_style=\u00bbfold\u00bb header_font_size_tablet=\u00bb\u00bb header_font_size_phone=\u00bb\u00bb header_font_size_last_edited=\u00bbon|tablet\u00bb header_2_font_size_tablet=\u00bb32px\u00bb header_2_font_size_phone=\u00bb24px\u00bb header_2_font_size_last_edited=\u00bbon|phone\u00bb global_colors_info=\u00bb{}\u00bb]<\/p>\n<h2>Optimizaci\u00f3n y rendimiento para tus instalaciones<\/h2>\n<p>[\/et_pb_text][et_pb_text _builder_version=\u00bb4.27.4&#8243; _module_preset=\u00bbdefault\u00bb text_line_height=\u00bb25px\u00bb max_width=\u00bb608px\u00bb custom_margin=\u00bb||45px||false|false\u00bb animation_style=\u00bbflip\u00bb text_text_color_tablet=\u00bb\u00bb text_text_color_phone=\u00bb\u00bb text_text_color_last_edited=\u00bbon|desktop\u00bb text_font_size_tablet=\u00bb16px\u00bb text_font_size_phone=\u00bb16px\u00bb text_font_size_last_edited=\u00bbon|phone\u00bb global_colors_info=\u00bb{}\u00bb]<\/p>\n<p>En Tecnoinstalaciones actuamos como partner estrat\u00e9gico para la gesti\u00f3n integral de instalaciones y servicios industriales, asumiendo la <strong>coordinaci\u00f3n, supervisi\u00f3n y mejora continua de todos los procesos<\/strong> que afectan al buen funcionamiento de tu entorno productivo.<\/p>\n<p>&nbsp;<\/p>\n<p>Nuestra metodolog\u00eda nos permite monitorizar, medir y proponer mejoras reales, contribuyendo directamente al <strong>rendimiento operativo y la generaci\u00f3n de valor empresarial.<\/strong><\/p>\n<p>[\/et_pb_text][et_pb_button button_url=\u00bb@ET-DC@eyJkeW5hbWljIjp0cnVlLCJjb250ZW50IjoicG9zdF9saW5rX3VybF9wYWdlIiwic2V0dGluZ3MiOnsicG9zdF9pZCI6IjE1MyIsImVuYWJsZV9odG1sIjoib2ZmIn19@\u00bb button_text=\u00bbContactar ahora\u00bb _builder_version=\u00bb4.27.4&#8243; _dynamic_attributes=\u00bbbutton_url\u00bb _module_preset=\u00bbdefault\u00bb custom_padding=\u00bb11px|30px|11px|30px|true|true\u00bb animation_style=\u00bbzoom\u00bb global_colors_info=\u00bb{}\u00bb][\/et_pb_button][\/et_pb_column][et_pb_column type=\u00bb1_2&#8243; _builder_version=\u00bb4.27.4&#8243; _module_preset=\u00bbdefault\u00bb custom_css_main_element=\u00bbdisplay: flex;||align-items: center;\u00bb global_colors_info=\u00bb{}\u00bb custom_css_main_element_last_edited=\u00bbon|phone\u00bb custom_css_main_element_tablet=\u00bbmargin-bottom: 0;\u00bb custom_css_main_element_phone=\u00bbmargin-bottom: 0;\u00bb][et_pb_image src=\u00bbhttps:\/\/tecnoinstal.info\/wp-content\/uploads\/2025\/05\/optimizacion-instalaciones.jpg\u00bb title_text=\u00bboptimizaci\u00f3n instalaciones\u00bb align=\u00bbright\u00bb align_tablet=\u00bbleft\u00bb align_phone=\u00bbleft\u00bb align_last_edited=\u00bbon|tablet\u00bb _builder_version=\u00bb4.27.4&#8243; _module_preset=\u00bbdefault\u00bb animation_style=\u00bbzoom\u00bb global_colors_info=\u00bb{}\u00bb][\/et_pb_image][\/et_pb_column][\/et_pb_row][\/et_pb_section][et_pb_section fb_built=\u00bb1&#8243; _builder_version=\u00bb4.27.4&#8243; _module_preset=\u00bbdefault\u00bb background_color=\u00bb#464646&#8243; custom_padding_tablet=\u00bb120px||120px||true|false\u00bb locked=\u00bboff\u00bb global_colors_info=\u00bb{}\u00bb][et_pb_row _builder_version=\u00bb4.27.4&#8243; _module_preset=\u00bbdefault\u00bb width=\u00bb90%\u00bb custom_padding=\u00bb0px||0px||false|false\u00bb global_colors_info=\u00bb{}\u00bb][et_pb_column type=\u00bb4_4&#8243; _builder_version=\u00bb4.27.4&#8243; _module_preset=\u00bbdefault\u00bb global_colors_info=\u00bb{}\u00bb][et_pb_text _builder_version=\u00bb4.27.4&#8243; _module_preset=\u00bbdefault\u00bb header_2_text_align=\u00bbcenter\u00bb header_2_font_size=\u00bb38px\u00bb header_2_line_height=\u00bb1.2em\u00bb max_width=\u00bb807px\u00bb max_width_tablet=\u00bb807px\u00bb max_width_phone=\u00bb807px\u00bb max_width_last_edited=\u00bbon|desktop\u00bb module_alignment=\u00bbcenter\u00bb custom_margin=\u00bb||40px||false|false\u00bb custom_padding=\u00bb||0px||false|false\u00bb animation_style=\u00bbfold\u00bb header_2_font_size_tablet=\u00bb32px\u00bb header_2_font_size_phone=\u00bb24px\u00bb header_2_font_size_last_edited=\u00bbon|phone\u00bb global_colors_info=\u00bb{}\u00bb]<\/p>\n<h2>Gesti\u00f3n de servicios a medida<\/h2>\n<p>[\/et_pb_text][et_pb_text _builder_version=\u00bb4.27.4&#8243; _module_preset=\u00bbdefault\u00bb text_text_color=\u00bb#FFFFFF\u00bb text_line_height=\u00bb25px\u00bb text_orientation=\u00bbcenter\u00bb max_width=\u00bb678px\u00bb module_alignment=\u00bbcenter\u00bb custom_margin=\u00bb||25px||false|false\u00bb animation_style=\u00bbflip\u00bb global_colors_info=\u00bb{}\u00bb]<\/p>\n<p>Ofrecemos una <strong>soluci\u00f3n integrada y flexible<\/strong>, adaptada a las necesidades espec\u00edficas de cada cliente y espacio de trabajo.<\/p>\n<p>[\/et_pb_text][et_pb_text _builder_version=\u00bb4.27.4&#8243; _module_preset=\u00bbdefault\u00bb text_text_color=\u00bb#FFFFFF\u00bb text_line_height=\u00bb25px\u00bb text_orientation=\u00bbcenter\u00bb max_width=\u00bb678px\u00bb module_alignment=\u00bbcenter\u00bb animation_style=\u00bbflip\u00bb global_colors_info=\u00bb{}\u00bb]<\/p>\n<p>Nuestro <strong>objetivo<\/strong> es garantizar:<br \/> \u2022 Mejora continua de los procesos<br \/> \u2022 Reducci\u00f3n de costes operativos<br \/> \u2022 Entornos de trabajo m\u00e1s seguros, eficientes y sostenibles<br \/> \u2022 Incremento de la calidad global del servicio<\/p>\n<p>[\/et_pb_text][\/et_pb_column][\/et_pb_row][\/et_pb_section][et_pb_section fb_built=\u00bb1&#8243; _builder_version=\u00bb4.27.4&#8243; _module_preset=\u00bbdefault\u00bb custom_padding_tablet=\u00bb120px||120px||true|false\u00bb locked=\u00bboff\u00bb global_colors_info=\u00bb{}\u00bb][et_pb_row _builder_version=\u00bb4.27.4&#8243; _module_preset=\u00bbdefault\u00bb width=\u00bb90%\u00bb custom_padding=\u00bb0px||0px||false|false\u00bb global_colors_info=\u00bb{}\u00bb][et_pb_column type=\u00bb4_4&#8243; _builder_version=\u00bb4.27.4&#8243; _module_preset=\u00bbdefault\u00bb global_colors_info=\u00bb{}\u00bb][et_pb_text _builder_version=\u00bb4.27.4&#8243; _module_preset=\u00bbdefault\u00bb text_text_color=\u00bb#000000&#8243; header_2_text_align=\u00bbcenter\u00bb header_2_text_color=\u00bb#000000&#8243; header_2_font_size=\u00bb38px\u00bb header_2_line_height=\u00bb1.2em\u00bb max_width=\u00bb807px\u00bb max_width_tablet=\u00bb807px\u00bb max_width_phone=\u00bb807px\u00bb max_width_last_edited=\u00bbon|desktop\u00bb module_alignment=\u00bbcenter\u00bb custom_margin=\u00bb||40px||false|false\u00bb custom_padding=\u00bb||0px||false|false\u00bb animation_style=\u00bbfold\u00bb header_2_font_size_tablet=\u00bb32px\u00bb header_2_font_size_phone=\u00bb24px\u00bb header_2_font_size_last_edited=\u00bbon|phone\u00bb global_colors_info=\u00bb{}\u00bb]<\/p>\n<h2>Nuestros valores diferenciales<\/h2>\n<p>[\/et_pb_text][et_pb_text _builder_version=\u00bb4.27.4&#8243; _module_preset=\u00bbdefault\u00bb text_text_color=\u00bb#000000&#8243; text_line_height=\u00bb25px\u00bb text_orientation=\u00bbcenter\u00bb max_width=\u00bb678px\u00bb module_alignment=\u00bbcenter\u00bb custom_margin=\u00bb||||false|false\u00bb animation_style=\u00bbflip\u00bb global_colors_info=\u00bb{}\u00bb]<\/p>\n<p>Conf\u00edan en nosotros empresas que valoran:<\/p>\n<p>&nbsp;<\/p>\n<p>\u2022 El know-how y la experiencia t\u00e9cnica de nuestro equipo<br \/> \u2022 La profesionalidad en la gesti\u00f3n del d\u00eda a d\u00eda<br \/> \u2022 La calidad humana e integridad de nuestro personal<br \/> \u2022 El compromiso con los objetivos y la cultura del cliente<br \/> \u2022 El desarrollo de soluciones innovadoras y personalizadas<\/p>\n<p>[\/et_pb_text][et_pb_button button_url=\u00bb@ET-DC@eyJkeW5hbWljIjp0cnVlLCJjb250ZW50IjoicG9zdF9saW5rX3VybF9wYWdlIiwic2V0dGluZ3MiOnsicG9zdF9pZCI6IjE1MyIsImVuYWJsZV9odG1sIjoib2ZmIn19@\u00bb button_text=\u00bbSolicitar informaci\u00f3n\u00bb button_alignment=\u00bbcenter\u00bb _builder_version=\u00bb4.27.4&#8243; _dynamic_attributes=\u00bbbutton_url\u00bb _module_preset=\u00bbdefault\u00bb custom_margin=\u00bb45px||||false|false\u00bb custom_padding=\u00bb10px|30px|10px|30px|true|true\u00bb animation_style=\u00bbzoom\u00bb global_colors_info=\u00bb{}\u00bb][\/et_pb_button][\/et_pb_column][\/et_pb_row][\/et_pb_section][et_pb_section fb_built=\u00bb1&#8243; admin_label=\u00bbSecci\u00f3n Detalle\u00bb _builder_version=\u00bb4.27.4&#8243; _module_preset=\u00bbdefault\u00bb background_color=\u00bb#464646&#8243; custom_padding_tablet=\u00bb120px||120px||true|false\u00bb locked=\u00bboff\u00bb global_colors_info=\u00bb{}\u00bb][et_pb_row column_structure=\u00bb1_2,1_2&#8243; use_custom_gutter=\u00bbon\u00bb make_equal=\u00bbon\u00bb admin_label=\u00bbFila\u00bb _builder_version=\u00bb4.27.4&#8243; _module_preset=\u00bbdefault\u00bb width=\u00bb90%\u00bb custom_padding=\u00bb0px||0px||true|false\u00bb global_colors_info=\u00bb{}\u00bb custom_css_main_element_last_edited=\u00bbon|tablet\u00bb custom_css_main_element_tablet=\u00bbdisplay: flex;||flex-direction: column;\u00bb custom_css_main_element_phone=\u00bbdisplay: flex;||flex-direction: column;\u00bb][et_pb_column type=\u00bb1_2&#8243; _builder_version=\u00bb4.27.4&#8243; _module_preset=\u00bbdefault\u00bb global_colors_info=\u00bb{}\u00bb custom_css_main_element_last_edited=\u00bbon|phone\u00bb custom_css_main_element_tablet=\u00bbmargin-top: 60px;||margin-bottom: 0;||order: 1;\u00bb custom_css_main_element_phone=\u00bbmargin-top: 60px;||margin-bottom: 0;||order: 1;\u00bb][et_pb_text _builder_version=\u00bb4.27.4&#8243; _module_preset=\u00bbdefault\u00bb header_text_color=\u00bb#FFFFFF\u00bb header_2_text_color=\u00bb#FFFFFF\u00bb header_2_font_size=\u00bb38px\u00bb header_2_line_height=\u00bb1.2em\u00bb max_width=\u00bb807px\u00bb max_width_tablet=\u00bb567px\u00bb max_width_phone=\u00bb567px\u00bb max_width_last_edited=\u00bbon|phone\u00bb custom_margin=\u00bb||40px||false|false\u00bb animation_style=\u00bbfold\u00bb header_font_size_tablet=\u00bb\u00bb header_font_size_phone=\u00bb\u00bb header_font_size_last_edited=\u00bbon|tablet\u00bb header_2_font_size_tablet=\u00bb32px\u00bb header_2_font_size_phone=\u00bb24px\u00bb header_2_font_size_last_edited=\u00bbon|phone\u00bb global_colors_info=\u00bb{}\u00bb]<\/p>\n<h2>Reporting y control de calidad<\/h2>\n<p>[\/et_pb_text][et_pb_text _builder_version=\u00bb4.27.4&#8243; _module_preset=\u00bbdefault\u00bb text_text_color=\u00bb#FFFFFF\u00bb text_line_height=\u00bb25px\u00bb max_width=\u00bb570px\u00bb custom_margin=\u00bb||0px||false|false\u00bb animation_style=\u00bbflip\u00bb hover_enabled=\u00bb0&#8243; text_text_color_tablet=\u00bb\u00bb text_text_color_phone=\u00bb\u00bb text_text_color_last_edited=\u00bbon|desktop\u00bb text_font_size_tablet=\u00bb16px\u00bb text_font_size_phone=\u00bb16px\u00bb text_font_size_last_edited=\u00bbon|phone\u00bb global_colors_info=\u00bb{}\u00bb sticky_enabled=\u00bb0&#8243;]<\/p>\n<p>Para garantizar la transparencia y el seguimiento, disponemos de una <strong>plataforma propia de reporting<\/strong>, que permite a nuestros clientes acceder a informes detallados, indicadores clave (KPI) y resultados de servicio en tiempo real.<\/p>\n<p>&nbsp;<\/p>\n<p>Esta herramienta facilita la toma de decisiones estrat\u00e9gicas y el control de la evoluci\u00f3n de los servicios de mantenimiento y gesti\u00f3n.<\/p>\n<p>[\/et_pb_text][\/et_pb_column][et_pb_column type=\u00bb1_2&#8243; _builder_version=\u00bb4.27.4&#8243; _module_preset=\u00bbdefault\u00bb custom_css_main_element=\u00bbdisplay: flex;||align-items: center;\u00bb global_colors_info=\u00bb{}\u00bb custom_css_main_element_last_edited=\u00bbon|phone\u00bb custom_css_main_element_tablet=\u00bbmargin-bottom: 0;\u00bb custom_css_main_element_phone=\u00bbmargin-bottom: 0;\u00bb][et_pb_image src=\u00bbhttps:\/\/tecnoinstal.info\/wp-content\/uploads\/2025\/05\/plataforma-report-instalaciones.jpg\u00bb title_text=\u00bbplataforma report instalaciones\u00bb align=\u00bbright\u00bb align_tablet=\u00bbleft\u00bb align_phone=\u00bbleft\u00bb align_last_edited=\u00bbon|tablet\u00bb _builder_version=\u00bb4.27.4&#8243; _module_preset=\u00bbdefault\u00bb animation_style=\u00bbzoom\u00bb global_colors_info=\u00bb{}\u00bb][\/et_pb_image][\/et_pb_column][\/et_pb_row][\/et_pb_section][et_pb_section fb_built=\u00bb1&#8243; admin_label=\u00bbSecci\u00f3n Banner\u00bb _builder_version=\u00bb4.27.4&#8243; _module_preset=\u00bbdefault\u00bb background_color=\u00bbrgba(11,11,11,0.4)\u00bb background_image=\u00bbhttps:\/\/tecnoinstal.info\/wp-content\/uploads\/2025\/05\/gestion-instalaciones.jpg\u00bb background_blend=\u00bboverlay\u00bb min_height=\u00bb493px\u00bb custom_padding_tablet=\u00bb120px||120px||true|false\u00bb custom_css_main_element=\u00bbdisplay: flex;||align-items: center;\u00bb locked=\u00bboff\u00bb global_colors_info=\u00bb{}\u00bb][et_pb_row _builder_version=\u00bb4.27.4&#8243; _module_preset=\u00bbdefault\u00bb width=\u00bb90%\u00bb custom_margin=\u00bb0px||0px||true|false\u00bb custom_padding=\u00bb0px||0px||true|false\u00bb global_colors_info=\u00bb{}\u00bb][et_pb_column type=\u00bb4_4&#8243; _builder_version=\u00bb4.27.4&#8243; _module_preset=\u00bbdefault\u00bb global_colors_info=\u00bb{}\u00bb][et_pb_text _builder_version=\u00bb4.27.4&#8243; _module_preset=\u00bbdefault\u00bb text_font_size=\u00bb36px\u00bb header_text_align=\u00bbcenter\u00bb header_2_font_size=\u00bb38px\u00bb header_2_line_height=\u00bb1.3em\u00bb header_3_font_size=\u00bb32px\u00bb header_3_line_height=\u00bb1.2em\u00bb text_orientation=\u00bbcenter\u00bb max_width=\u00bb917px\u00bb max_width_tablet=\u00bb721px\u00bb max_width_phone=\u00bb721px\u00bb max_width_last_edited=\u00bbon|phone\u00bb module_alignment=\u00bbcenter\u00bb custom_margin=\u00bb||40px||false|false\u00bb animation_style=\u00bbfold\u00bb header_font_size_tablet=\u00bb38px\u00bb header_font_size_phone=\u00bb30px\u00bb header_font_size_last_edited=\u00bbon|phone\u00bb header_2_font_size_tablet=\u00bb32px\u00bb header_2_font_size_phone=\u00bb24px\u00bb header_2_font_size_last_edited=\u00bbon|desktop\u00bb header_3_font_size_tablet=\u00bb26px\u00bb header_3_font_size_phone=\u00bb22px\u00bb header_3_font_size_last_edited=\u00bbon|phone\u00bb global_colors_info=\u00bb{}\u00bb header_3_font_size__hover_enabled=\u00bboff|desktop\u00bb]<\/p>\n<h3>Con Tecnoinstalaciones, la gesti\u00f3n de instalaciones se convierte en una herramienta clave para el crecimiento y mejora continua de tu negocio.<\/h3>\n<p>[\/et_pb_text][et_pb_button button_url=\u00bb@ET-DC@eyJkeW5hbWljIjp0cnVlLCJjb250ZW50IjoicG9zdF9saW5rX3VybF9wYWdlIiwic2V0dGluZ3MiOnsicG9zdF9pZCI6IjE1MyIsImVuYWJsZV9odG1sIjoib2ZmIn19@\u00bb button_text=\u00bb\u00a1Hablamos!\u00bb button_alignment=\u00bbcenter\u00bb _builder_version=\u00bb4.27.4&#8243; _dynamic_attributes=\u00bbbutton_url\u00bb _module_preset=\u00bbdefault\u00bb custom_padding=\u00bb10px|30px|10px|30px|true|true\u00bb animation_style=\u00bbzoom\u00bb global_colors_info=\u00bb{}\u00bb][\/et_pb_button][\/et_pb_column][\/et_pb_row][\/et_pb_section]<\/p>\n","protected":false},"excerpt":{"rendered":"<p>Gesti\u00f3n de instalaciones industrialesOptimizaci\u00f3n y rendimiento para tus instalacionesEn Tecnoinstalaciones actuamos como partner estrat\u00e9gico para la gesti\u00f3n integral de instalaciones y servicios industriales, asumiendo la coordinaci\u00f3n, supervisi\u00f3n y mejora continua de todos los procesos que afectan al buen funcionamiento de tu entorno productivo. &nbsp; Nuestra metodolog\u00eda nos permite monitorizar, medir y proponer mejoras reales, contribuyendo [&hellip;]<\/p>\n","protected":false},"author":1,"featured_media":0,"parent":0,"menu_order":3,"comment_status":"closed","ping_status":"closed","template":"","meta":{"_et_pb_use_builder":"on","_et_pb_old_content":"","_et_gb_content_width":"","inline_featured_image":false,"footnotes":""},"class_list":["post-1250","page","type-page","status-publish","hentry"],"yoast_head":"<!-- This site is optimized with the Yoast SEO plugin v25.3 - https:\/\/yoast.com\/wordpress\/plugins\/seo\/ -->\n<title>Gesti\u00f3n eficiente de instalaciones el\u00e9ctricas industriales | Tecnoinstalaciones<\/title>\n<meta name=\"description\" content=\"Expertos en el control, mejora y optimizaci\u00f3n de servicios e instalaciones el\u00e9ctricas en empresas.\" \/>\n<meta name=\"robots\" content=\"index, follow, max-snippet:-1, max-image-preview:large, max-video-preview:-1\" \/>\n<link rel=\"canonical\" href=\"https:\/\/tecnoinstal.info\/es\/gestion-instalaciones-electricas\/\" \/>\n<meta property=\"og:locale\" content=\"es_ES\" \/>\n<meta property=\"og:type\" content=\"article\" \/>\n<meta property=\"og:title\" content=\"Gesti\u00f3n eficiente de instalaciones el\u00e9ctricas industriales | Tecnoinstalaciones\" \/>\n<meta property=\"og:description\" content=\"Expertos en el control, mejora y optimizaci\u00f3n de servicios e instalaciones el\u00e9ctricas en empresas.\" \/>\n<meta property=\"og:url\" content=\"https:\/\/tecnoinstal.info\/es\/gestion-instalaciones-electricas\/\" \/>\n<meta property=\"og:site_name\" content=\"Instal\u00b7lacions i manteniment\" \/>\n<meta property=\"article:modified_time\" content=\"2025-06-12T19:07:12+00:00\" \/>\n<meta name=\"twitter:card\" content=\"summary_large_image\" \/>\n<meta name=\"twitter:label1\" content=\"Tiempo de lectura\" \/>\n\t<meta name=\"twitter:data1\" content=\"10 minutos\" \/>\n<script type=\"application\/ld+json\" class=\"yoast-schema-graph\">{\"@context\":\"https:\/\/schema.org\",\"@graph\":[{\"@type\":\"WebPage\",\"@id\":\"https:\/\/tecnoinstal.info\/es\/gestion-instalaciones-electricas\/\",\"url\":\"https:\/\/tecnoinstal.info\/es\/gestion-instalaciones-electricas\/\",\"name\":\"Gesti\u00f3n eficiente de instalaciones el\u00e9ctricas industriales | Tecnoinstalaciones\",\"isPartOf\":{\"@id\":\"https:\/\/tecnoinstal.info\/es\/#website\"},\"datePublished\":\"2025-05-08T16:30:42+00:00\",\"dateModified\":\"2025-06-12T19:07:12+00:00\",\"description\":\"Expertos en el control, mejora y optimizaci\u00f3n de servicios e instalaciones el\u00e9ctricas en empresas.\",\"breadcrumb\":{\"@id\":\"https:\/\/tecnoinstal.info\/es\/gestion-instalaciones-electricas\/#breadcrumb\"},\"inLanguage\":\"es\",\"potentialAction\":[{\"@type\":\"ReadAction\",\"target\":[\"https:\/\/tecnoinstal.info\/es\/gestion-instalaciones-electricas\/\"]}]},{\"@type\":\"BreadcrumbList\",\"@id\":\"https:\/\/tecnoinstal.info\/es\/gestion-instalaciones-electricas\/#breadcrumb\",\"itemListElement\":[{\"@type\":\"ListItem\",\"position\":1,\"name\":\"Portada\",\"item\":\"https:\/\/tecnoinstal.info\/es\/\"},{\"@type\":\"ListItem\",\"position\":2,\"name\":\"Instalaciones\"}]},{\"@type\":\"WebSite\",\"@id\":\"https:\/\/tecnoinstal.info\/es\/#website\",\"url\":\"https:\/\/tecnoinstal.info\/es\/\",\"name\":\"Instal\u00b7lacions i manteniment\",\"description\":\"Instal\u00b7lacions i manteniment industrial per a empreses | Tecnoinstal\u00b7lacions\",\"potentialAction\":[{\"@type\":\"SearchAction\",\"target\":{\"@type\":\"EntryPoint\",\"urlTemplate\":\"https:\/\/tecnoinstal.info\/es\/?s={search_term_string}\"},\"query-input\":{\"@type\":\"PropertyValueSpecification\",\"valueRequired\":true,\"valueName\":\"search_term_string\"}}],\"inLanguage\":\"es\"}]}<\/script>\n<!-- \/ Yoast SEO plugin. -->","yoast_head_json":{"title":"Gesti\u00f3n eficiente de instalaciones el\u00e9ctricas industriales | Tecnoinstalaciones","description":"Expertos en el control, mejora y optimizaci\u00f3n de servicios e instalaciones el\u00e9ctricas en empresas.","robots":{"index":"index","follow":"follow","max-snippet":"max-snippet:-1","max-image-preview":"max-image-preview:large","max-video-preview":"max-video-preview:-1"},"canonical":"https:\/\/tecnoinstal.info\/es\/gestion-instalaciones-electricas\/","og_locale":"es_ES","og_type":"article","og_title":"Gesti\u00f3n eficiente de instalaciones el\u00e9ctricas industriales | Tecnoinstalaciones","og_description":"Expertos en el control, mejora y optimizaci\u00f3n de servicios e instalaciones el\u00e9ctricas en empresas.","og_url":"https:\/\/tecnoinstal.info\/es\/gestion-instalaciones-electricas\/","og_site_name":"Instal\u00b7lacions i manteniment","article_modified_time":"2025-06-12T19:07:12+00:00","twitter_card":"summary_large_image","twitter_misc":{"Tiempo de lectura":"10 minutos"},"schema":{"@context":"https:\/\/schema.org","@graph":[{"@type":"WebPage","@id":"https:\/\/tecnoinstal.info\/es\/gestion-instalaciones-electricas\/","url":"https:\/\/tecnoinstal.info\/es\/gestion-instalaciones-electricas\/","name":"Gesti\u00f3n eficiente de instalaciones el\u00e9ctricas industriales | Tecnoinstalaciones","isPartOf":{"@id":"https:\/\/tecnoinstal.info\/es\/#website"},"datePublished":"2025-05-08T16:30:42+00:00","dateModified":"2025-06-12T19:07:12+00:00","description":"Expertos en el control, mejora y optimizaci\u00f3n de servicios e instalaciones el\u00e9ctricas en empresas.","breadcrumb":{"@id":"https:\/\/tecnoinstal.info\/es\/gestion-instalaciones-electricas\/#breadcrumb"},"inLanguage":"es","potentialAction":[{"@type":"ReadAction","target":["https:\/\/tecnoinstal.info\/es\/gestion-instalaciones-electricas\/"]}]},{"@type":"BreadcrumbList","@id":"https:\/\/tecnoinstal.info\/es\/gestion-instalaciones-electricas\/#breadcrumb","itemListElement":[{"@type":"ListItem","position":1,"name":"Portada","item":"https:\/\/tecnoinstal.info\/es\/"},{"@type":"ListItem","position":2,"name":"Instalaciones"}]},{"@type":"WebSite","@id":"https:\/\/tecnoinstal.info\/es\/#website","url":"https:\/\/tecnoinstal.info\/es\/","name":"Instal\u00b7lacions i manteniment","description":"Instal\u00b7lacions i manteniment industrial per a empreses | Tecnoinstal\u00b7lacions","potentialAction":[{"@type":"SearchAction","target":{"@type":"EntryPoint","urlTemplate":"https:\/\/tecnoinstal.info\/es\/?s={search_term_string}"},"query-input":{"@type":"PropertyValueSpecification","valueRequired":true,"valueName":"search_term_string"}}],"inLanguage":"es"}]}},"_links":{"self":[{"href":"https:\/\/tecnoinstal.info\/es\/wp-json\/wp\/v2\/pages\/1250","targetHints":{"allow":["GET"]}}],"collection":[{"href":"https:\/\/tecnoinstal.info\/es\/wp-json\/wp\/v2\/pages"}],"about":[{"href":"https:\/\/tecnoinstal.info\/es\/wp-json\/wp\/v2\/types\/page"}],"author":[{"embeddable":true,"href":"https:\/\/tecnoinstal.info\/es\/wp-json\/wp\/v2\/users\/1"}],"replies":[{"embeddable":true,"href":"https:\/\/tecnoinstal.info\/es\/wp-json\/wp\/v2\/comments?post=1250"}],"version-history":[{"count":2,"href":"https:\/\/tecnoinstal.info\/es\/wp-json\/wp\/v2\/pages\/1250\/revisions"}],"predecessor-version":[{"id":1252,"href":"https:\/\/tecnoinstal.info\/es\/wp-json\/wp\/v2\/pages\/1250\/revisions\/1252"}],"wp:attachment":[{"href":"https:\/\/tecnoinstal.info\/es\/wp-json\/wp\/v2\/media?parent=1250"}],"curies":[{"name":"wp","href":"https:\/\/api.w.org\/{rel}","templated":true}]}}