{"id":1253,"date":"2025-05-08T18:30:56","date_gmt":"2025-05-08T16:30:56","guid":{"rendered":"https:\/\/tecnoinstal.info\/empresa\/"},"modified":"2025-06-12T21:07:52","modified_gmt":"2025-06-12T19:07:52","slug":"empresa-instalaciones-mantenimiento-industrial","status":"publish","type":"page","link":"https:\/\/tecnoinstal.info\/es\/empresa-instalaciones-mantenimiento-industrial\/","title":{"rendered":"Empresa"},"content":{"rendered":"<p>[et_pb_section fb_built=\u00bb1&#8243; admin_label=\u00bbSecci\u00f3n Banner\u00bb _builder_version=\u00bb4.27.4&#8243; _module_preset=\u00bbdefault\u00bb background_color=\u00bbrgba(11,11,11,0.4)\u00bb background_image=\u00bbhttps:\/\/tecnoinstal.info\/wp-content\/uploads\/2025\/05\/tecnoinstalacions-tortosa.jpg\u00bb background_blend=\u00bboverlay\u00bb min_height=\u00bb411px\u00bb custom_padding=\u00bb120px||75px||false|false\u00bb hover_enabled=\u00bb0&#8243; custom_css_main_element=\u00bbdisplay: flex;||align-items: flex-end;\u00bb locked=\u00bboff\u00bb global_colors_info=\u00bb{}\u00bb sticky_enabled=\u00bb0&#8243; background_last_edited=\u00bbon|phone\u00bb background_position_phone=\u00bbcenter_left\u00bb background_vertical_offset_phone=\u00bb0%\u00bb background_horizontal_offset_phone=\u00bb70%\u00bb][et_pb_row _builder_version=\u00bb4.27.4&#8243; _module_preset=\u00bbdefault\u00bb width=\u00bb90%\u00bb custom_margin=\u00bb0px||0px||true|false\u00bb custom_padding=\u00bb0px||0px||true|false\u00bb global_colors_info=\u00bb{}\u00bb][et_pb_column type=\u00bb4_4&#8243; _builder_version=\u00bb4.27.4&#8243; _module_preset=\u00bbdefault\u00bb global_colors_info=\u00bb{}\u00bb][et_pb_text _builder_version=\u00bb4.27.4&#8243; _module_preset=\u00bbdefault\u00bb text_font_size=\u00bb40px\u00bb text_line_height=\u00bb1.2em\u00bb header_text_align=\u00bbcenter\u00bb header_line_height=\u00bb1.2em\u00bb text_orientation=\u00bbcenter\u00bb max_width=\u00bb721px\u00bb max_width_tablet=\u00bb721px\u00bb max_width_phone=\u00bb721px\u00bb max_width_last_edited=\u00bbon|phone\u00bb module_alignment=\u00bbcenter\u00bb animation_style=\u00bbfold\u00bb header_font_size_tablet=\u00bb38px\u00bb header_font_size_phone=\u00bb30px\u00bb header_font_size_last_edited=\u00bbon|phone\u00bb global_colors_info=\u00bb{}\u00bb]<\/p>\n<h1>Sobre nosotros<\/h1>\n<p>[\/et_pb_text][\/et_pb_column][\/et_pb_row][\/et_pb_section][et_pb_section fb_built=\u00bb1&#8243; _builder_version=\u00bb4.27.4&#8243; _module_preset=\u00bbdefault\u00bb custom_padding_tablet=\u00bb120px||120px||true|false\u00bb global_colors_info=\u00bb{}\u00bb][et_pb_row column_structure=\u00bb3_5,2_5&#8243; make_equal=\u00bbon\u00bb _builder_version=\u00bb4.27.4&#8243; _module_preset=\u00bbdefault\u00bb width=\u00bb90%\u00bb custom_padding=\u00bb0px||0px||true|false\u00bb global_colors_info=\u00bb{}\u00bb custom_css_main_element_last_edited=\u00bbon|tablet\u00bb custom_css_main_element_tablet=\u00bbdisplay: flex;||flex-direction: column;\u00bb custom_css_main_element_phone=\u00bbdisplay: flex;||flex-direction: column;\u00bb][et_pb_column type=\u00bb3_5&#8243; _builder_version=\u00bb4.27.4&#8243; _module_preset=\u00bbdefault\u00bb custom_css_main_element=\u00bbdisplay: flex;||flex-direction: column;||justify-content: center;\u00bb global_colors_info=\u00bb{}\u00bb custom_css_main_element_last_edited=\u00bbon|tablet\u00bb custom_css_main_element_tablet=\u00bborder: 1;||margin-top: 60px;||margin-bottom: 0;\u00bb custom_css_main_element_phone=\u00bborder: 1;||margin-top: 60px;||margin-bottom: 0;\u00bb][et_pb_text _builder_version=\u00bb4.27.4&#8243; _module_preset=\u00bbdefault\u00bb text_text_color=\u00bb#000000&#8243; header_2_text_color=\u00bb#000000&#8243; header_2_font_size=\u00bb38px\u00bb header_2_line_height=\u00bb1.2em\u00bb max_width=\u00bb644px\u00bb custom_margin=\u00bb||40px||false|false\u00bb animation_style=\u00bbfold\u00bb header_2_font_size_tablet=\u00bb32px\u00bb header_2_font_size_phone=\u00bb24px\u00bb header_2_font_size_last_edited=\u00bbon|phone\u00bb global_colors_info=\u00bb{}\u00bb]<\/p>\n<h2>Experiencia, calidad y compromiso<\/h2>\n<p>[\/et_pb_text][et_pb_text _builder_version=\u00bb4.27.4&#8243; _module_preset=\u00bbdefault\u00bb text_text_color=\u00bb#000000&#8243; text_line_height=\u00bb25px\u00bb max_width=\u00bb644px\u00bb animation_style=\u00bbflip\u00bb global_colors_info=\u00bb{}\u00bb]<\/p>\n<p><strong>Fundada en 1994<\/strong> , Tecnoinstalaciones es una empresa referente en instalaciones y mantenimiento industrial. Con una clara vocaci\u00f3n de servicio, ofrecemos <strong>soluciones integrales<\/strong> que combinan la tecnolog\u00eda m\u00e1s avanzada con un trato cercano y profesional.<\/p>\n<p>[\/et_pb_text][\/et_pb_column][et_pb_column type=\u00bb2_5&#8243; _builder_version=\u00bb4.27.4&#8243; _module_preset=\u00bbdefault\u00bb global_colors_info=\u00bb{}\u00bb][et_pb_image src=\u00bbhttps:\/\/tecnoinstal.info\/wp-content\/uploads\/2025\/05\/tecnoinstalacions.jpg\u00bb title_text=\u00bbtecnoinstalaciones\u00bb _builder_version=\u00bb4.27.4&#8243; _module_preset=\u00bbdefault\u00bb animation_style=\u00bbzoom\u00bb global_colors_info=\u00bb{}\u00bb][\/et_pb_image][\/et_pb_column][\/et_pb_row][\/et_pb_section][et_pb_section fb_built=\u00bb1&#8243; _builder_version=\u00bb4.27.4&#8243; _module_preset=\u00bbdefault\u00bb background_color=\u00bb#464646&#8243; custom_padding_tablet=\u00bb120px||120px||true|false\u00bb global_colors_info=\u00bb{}\u00bb][et_pb_row _builder_version=\u00bb4.27.4&#8243; _module_preset=\u00bbdefault\u00bb custom_padding=\u00bb0px||0px||true|false\u00bb animation_style=\u00bbflip\u00bb animation_direction=\u00bbtop\u00bb scroll_fade_enable=\u00bbon\u00bb scroll_scaling_enable=\u00bbon\u00bb global_colors_info=\u00bb{}\u00bb][et_pb_column type=\u00bb4_4&#8243; _builder_version=\u00bb4.27.4&#8243; _module_preset=\u00bbdefault\u00bb global_colors_info=\u00bb{}\u00bb][et_pb_text _builder_version=\u00bb4.27.4&#8243; _module_preset=\u00bbdefault\u00bb text_line_height=\u00bb1.2em\u00bb header_line_height=\u00bb1.2em\u00bb header_4_font=\u00bb|600|||||||\u00bb header_4_text_align=\u00bbcenter\u00bb header_4_text_color=\u00bb#FFFFFF\u00bb header_4_font_size=\u00bb26px\u00bb header_4_line_height=\u00bb1.2em\u00bb max_width=\u00bb644px\u00bb module_alignment=\u00bbcenter\u00bb custom_margin=\u00bb||25px||false|false\u00bb header_font_size_tablet=\u00bb24px\u00bb header_font_size_phone=\u00bb20px\u00bb header_font_size_last_edited=\u00bbon|phone\u00bb header_4_font_size_tablet=\u00bb24px\u00bb header_4_font_size_phone=\u00bb20px\u00bb header_4_font_size_last_edited=\u00bbon|desktop\u00bb global_colors_info=\u00bb{}\u00bb]<\/p>\n<h4>Misi\u00f3n<\/h4>\n<p>[\/et_pb_text][et_pb_text _builder_version=\u00bb4.27.4&#8243; _module_preset=\u00bbdefault\u00bb text_text_color=\u00bb#FFFFFF\u00bb text_line_height=\u00bb25px\u00bb text_orientation=\u00bbcenter\u00bb max_width=\u00bb644px\u00bb module_alignment=\u00bbcenter\u00bb custom_margin=\u00bb||20px||false|false\u00bb global_colors_info=\u00bb{}\u00bb]<\/p>\n<p>Proporcionar soluciones eficientes y de calidad adaptadas a cada cliente.<\/p>\n<p>[\/et_pb_text][et_pb_image src=\u00bbhttps:\/\/tecnoinstal.info\/wp-content\/uploads\/2025\/05\/Line-3.svg\u00bb title_text=\u00bbLine 3&#8243; align=\u00bbcenter\u00bb _builder_version=\u00bb4.27.4&#8243; _module_preset=\u00bbdefault\u00bb max_width=\u00bb644px\u00bb module_alignment=\u00bbcenter\u00bb custom_margin=\u00bb||20px||false|false\u00bb global_colors_info=\u00bb{}\u00bb][\/et_pb_image][et_pb_text _builder_version=\u00bb4.27.4&#8243; _module_preset=\u00bbdefault\u00bb header_4_text_align=\u00bbcenter\u00bb header_4_line_height=\u00bb1.2em\u00bb max_width=\u00bb644px\u00bb module_alignment=\u00bbcenter\u00bb custom_margin=\u00bb||25px||false|false\u00bb global_colors_info=\u00bb{}\u00bb]<\/p>\n<h4>Visi\u00f3n<\/h4>\n<p>[\/et_pb_text][et_pb_text _builder_version=\u00bb4.27.4&#8243; _module_preset=\u00bbdefault\u00bb text_text_color=\u00bb#FFFFFF\u00bb text_line_height=\u00bb25px\u00bb text_orientation=\u00bbcenter\u00bb max_width=\u00bb644px\u00bb module_alignment=\u00bbcenter\u00bb custom_margin=\u00bb||20px||false|false\u00bb global_colors_info=\u00bb{}\u00bb]<\/p>\n<p>Ser l\u00edderes en servicios industriales, expandi\u00e9ndonos a nuevos mercados.<\/p>\n<p>[\/et_pb_text][et_pb_image src=\u00bbhttps:\/\/tecnoinstal.info\/wp-content\/uploads\/2025\/05\/Line-3.svg\u00bb title_text=\u00bbLine 3&#8243; align=\u00bbcenter\u00bb _builder_version=\u00bb4.27.4&#8243; _module_preset=\u00bbdefault\u00bb max_width=\u00bb644px\u00bb module_alignment=\u00bbcenter\u00bb custom_margin=\u00bb||20px||false|false\u00bb global_colors_info=\u00bb{}\u00bb][\/et_pb_image][et_pb_text _builder_version=\u00bb4.27.4&#8243; _module_preset=\u00bbdefault\u00bb header_4_text_align=\u00bbcenter\u00bb header_4_line_height=\u00bb1.2em\u00bb max_width=\u00bb644px\u00bb module_alignment=\u00bbcenter\u00bb custom_margin=\u00bb||25px||false|false\u00bb global_colors_info=\u00bb{}\u00bb]<\/p>\n<h4>Valores<\/h4>\n<p>[\/et_pb_text][et_pb_text _builder_version=\u00bb4.27.4&#8243; _module_preset=\u00bbdefault\u00bb text_text_color=\u00bb#FFFFFF\u00bb text_line_height=\u00bb25px\u00bb text_orientation=\u00bbcenter\u00bb max_width=\u00bb644px\u00bb module_alignment=\u00bbcenter\u00bb custom_margin=\u00bb||45px||false|false\u00bb global_colors_info=\u00bb{}\u00bb]<\/p>\n<p>Integridad, responsabilidad, comunicaci\u00f3n clara, compromiso y calidad humana.<\/p>\n<p>[\/et_pb_text][et_pb_button button_url=\u00bb@ET-DC@eyJkeW5hbWljIjp0cnVlLCJjb250ZW50IjoicG9zdF9saW5rX3VybF9wYWdlIiwic2V0dGluZ3MiOnsicG9zdF9pZCI6IjE1MyIsImVuYWJsZV9odG1sIjoib2ZmIn19@\u00bb button_text=\u00bbContactar\u00bb button_alignment=\u00bbcenter\u00bb _builder_version=\u00bb4.27.4&#8243; _dynamic_attributes=\u00bbbutton_url\u00bb _module_preset=\u00bbdefault\u00bb custom_padding=\u00bb10px|30px|10px|30px|true|true\u00bb locked=\u00bboff\u00bb global_colors_info=\u00bb{}\u00bb][\/et_pb_button][\/et_pb_column][\/et_pb_row][\/et_pb_section][et_pb_section fb_built=\u00bb1&#8243; _builder_version=\u00bb4.27.4&#8243; _module_preset=\u00bbdefault\u00bb custom_padding_tablet=\u00bb120px||120px||true|false\u00bb global_colors_info=\u00bb{}\u00bb][et_pb_row _builder_version=\u00bb4.27.4&#8243; _module_preset=\u00bbdefault\u00bb custom_padding=\u00bb0px||0px||true|false\u00bb global_colors_info=\u00bb{}\u00bb][et_pb_column type=\u00bb4_4&#8243; _builder_version=\u00bb4.27.4&#8243; _module_preset=\u00bbdefault\u00bb global_colors_info=\u00bb{}\u00bb][et_pb_text _builder_version=\u00bb4.27.4&#8243; _module_preset=\u00bbdefault\u00bb header_2_text_align=\u00bbcenter\u00bb header_2_text_color=\u00bb#000000&#8243; header_2_font_size=\u00bb38px\u00bb header_2_line_height=\u00bb1.2em\u00bb max_width=\u00bb644px\u00bb module_alignment=\u00bbcenter\u00bb custom_margin=\u00bb||40px||false|false\u00bb animation_style=\u00bbfold\u00bb header_2_font_size_tablet=\u00bb32px\u00bb header_2_font_size_phone=\u00bb24px\u00bb header_2_font_size_last_edited=\u00bbon|tablet\u00bb global_colors_info=\u00bb{}\u00bb]<\/p>\n<h2>Nuestro equipo<\/h2>\n<p>[\/et_pb_text][et_pb_text _builder_version=\u00bb4.27.4&#8243; _module_preset=\u00bbdefault\u00bb text_text_color=\u00bb#000000&#8243; text_line_height=\u00bb25px\u00bb text_orientation=\u00bbcenter\u00bb max_width=\u00bb716px\u00bb module_alignment=\u00bbcenter\u00bb custom_margin=\u00bb||30px||false|false\u00bb animation_style=\u00bbflip\u00bb global_colors_info=\u00bb{}\u00bb]<\/p>\n<p>En Tecnoinstalaciones, contamos con un <strong>equipo multidisciplinar formado por t\u00e9cnicos, ingenieros y especialistas en diferentes \u00e1reas del \u00e1mbito industrial.<\/strong> Nuestro personal destaca por su experiencia, profesionalidad y compromiso, cualidades que nos permiten ofrecer un servicio de m\u00e1xima calidad y adaptado a cada proyecto.<\/p>\n<p>[\/et_pb_text][et_pb_text _builder_version=\u00bb4.27.4&#8243; _module_preset=\u00bbdefault\u00bb text_line_height=\u00bb25px\u00bb text_orientation=\u00bbcenter\u00bb max_width=\u00bb716px\u00bb module_alignment=\u00bbcenter\u00bb animation_style=\u00bbflip\u00bb global_colors_info=\u00bb{}\u00bb]<\/p>\n<p>Nos formamos de forma continua para mantenernos al d\u00eda en nuevas tecnolog\u00edas, normativas y sistemas de automatizaci\u00f3n. Esta apuesta por el aprendizaje constante nos permite afrontar proyectos t\u00e9cnicos complejos con <strong>rigor, eficiencia y garant\u00edas.<\/strong><\/p>\n<p>[\/et_pb_text][\/et_pb_column][\/et_pb_row][\/et_pb_section][et_pb_section fb_built=\u00bb1&#8243; admin_label=\u00bbSecci\u00f3n Banner\u00bb _builder_version=\u00bb4.27.4&#8243; _module_preset=\u00bbdefault\u00bb background_color=\u00bbrgba(11,11,11,0.4)\u00bb background_image=\u00bbhttps:\/\/tecnoinstal.info\/wp-content\/uploads\/2025\/05\/instalaciones-y-mantenimiento-industrial.jpg\u00bb background_blend=\u00bboverlay\u00bb min_height=\u00bb411px\u00bb custom_padding=\u00bb155px||155px||true|false\u00bb custom_padding_tablet=\u00bb120px||120px||true|false\u00bb custom_css_main_element=\u00bbdisplay: flex;||align-items: center;\u00bb locked=\u00bboff\u00bb global_colors_info=\u00bb{}\u00bb][et_pb_row _builder_version=\u00bb4.27.4&#8243; _module_preset=\u00bbdefault\u00bb width=\u00bb90%\u00bb custom_margin=\u00bb0px||0px||true|false\u00bb custom_padding=\u00bb0px||0px||true|false\u00bb global_colors_info=\u00bb{}\u00bb][et_pb_column type=\u00bb4_4&#8243; _builder_version=\u00bb4.27.4&#8243; _module_preset=\u00bbdefault\u00bb global_colors_info=\u00bb{}\u00bb][et_pb_text _builder_version=\u00bb4.27.4&#8243; _module_preset=\u00bbdefault\u00bb text_font_size=\u00bb40px\u00bb text_line_height=\u00bb1.2em\u00bb header_text_align=\u00bbcenter\u00bb header_line_height=\u00bb1.2em\u00bb header_2_font_size=\u00bb38px\u00bb header_2_line_height=\u00bb1.2em\u00bb text_orientation=\u00bbcenter\u00bb max_width=\u00bb793px\u00bb max_width_tablet=\u00bb721px\u00bb max_width_phone=\u00bb721px\u00bb max_width_last_edited=\u00bbon|phone\u00bb module_alignment=\u00bbcenter\u00bb animation_style=\u00bbfold\u00bb header_font_size_tablet=\u00bb38px\u00bb header_font_size_phone=\u00bb30px\u00bb header_font_size_last_edited=\u00bbon|phone\u00bb header_2_font_size_tablet=\u00bb32px\u00bb header_2_font_size_phone=\u00bb24px\u00bb header_2_font_size_last_edited=\u00bbon|phone\u00bb global_colors_info=\u00bb{}\u00bb]<\/p>\n<h2>Cont\u00e1ctanos y encontramos la soluci\u00f3n que buscas!<\/h2>\n<p>[\/et_pb_text][et_pb_button button_url=\u00bb@ET-DC@eyJkeW5hbWljIjp0cnVlLCJjb250ZW50IjoicG9zdF9saW5rX3VybF9wYWdlIiwic2V0dGluZ3MiOnsicG9zdF9pZCI6IjE1MyIsImVuYWJsZV9odG1sIjoib2ZmIn19@\u00bb button_text=\u00bbPedir informaci\u00f3n\u00bb button_alignment=\u00bbcenter\u00bb _builder_version=\u00bb4.27.4&#8243; _dynamic_attributes=\u00bbbutton_url\u00bb _module_preset=\u00bbdefault\u00bb custom_padding=\u00bb10px|30px|10px|30px|true|true\u00bb animation_style=\u00bbzoom\u00bb locked=\u00bboff\u00bb global_colors_info=\u00bb{}\u00bb][\/et_pb_button][\/et_pb_column][\/et_pb_row][\/et_pb_section]<\/p>\n","protected":false},"excerpt":{"rendered":"<p>Sobre nosotrosExperiencia, calidad y compromisoFundada en 1994 , Tecnoinstalaciones es una empresa referente en instalaciones y mantenimiento industrial. Con una clara vocaci\u00f3n de servicio, ofrecemos soluciones integrales que combinan la tecnolog\u00eda m\u00e1s avanzada con un trato cercano y profesional.Misi\u00f3nProporcionar soluciones eficientes y de calidad adaptadas a cada cliente.Visi\u00f3nSer l\u00edderes en servicios industriales, expandi\u00e9ndonos a nuevos [&hellip;]<\/p>\n","protected":false},"author":1,"featured_media":0,"parent":0,"menu_order":4,"comment_status":"closed","ping_status":"closed","template":"","meta":{"_et_pb_use_builder":"on","_et_pb_old_content":"","_et_gb_content_width":"","inline_featured_image":false,"footnotes":""},"class_list":["post-1253","page","type-page","status-publish","hentry"],"yoast_head":"<!-- This site is optimized with the Yoast SEO plugin v25.3 - https:\/\/yoast.com\/wordpress\/plugins\/seo\/ -->\n<title>Empresa de instalaciones y mantenimiento industrial | Tecnoinstalaciones<\/title>\n<meta name=\"description\" content=\"\u00a1Con\u00f3cenos! Empresa de instalaciones y mantenimiento industrial con m\u00e1s de 30 a\u00f1os de experiencia en el sector.\" \/>\n<meta name=\"robots\" content=\"index, follow, max-snippet:-1, max-image-preview:large, max-video-preview:-1\" \/>\n<link rel=\"canonical\" href=\"https:\/\/tecnoinstal.info\/es\/empresa-instalaciones-mantenimiento-industrial\/\" \/>\n<meta property=\"og:locale\" content=\"es_ES\" \/>\n<meta property=\"og:type\" content=\"article\" \/>\n<meta property=\"og:title\" content=\"Empresa de instalaciones y mantenimiento industrial | Tecnoinstalaciones\" \/>\n<meta property=\"og:description\" content=\"\u00a1Con\u00f3cenos! Empresa de instalaciones y mantenimiento industrial con m\u00e1s de 30 a\u00f1os de experiencia en el sector.\" \/>\n<meta property=\"og:url\" content=\"https:\/\/tecnoinstal.info\/es\/empresa-instalaciones-mantenimiento-industrial\/\" \/>\n<meta property=\"og:site_name\" content=\"Instal\u00b7lacions i manteniment\" \/>\n<meta property=\"article:modified_time\" content=\"2025-06-12T19:07:52+00:00\" \/>\n<meta name=\"twitter:card\" content=\"summary_large_image\" \/>\n<meta name=\"twitter:label1\" content=\"Tiempo de lectura\" \/>\n\t<meta name=\"twitter:data1\" content=\"8 minutos\" \/>\n<script type=\"application\/ld+json\" class=\"yoast-schema-graph\">{\"@context\":\"https:\/\/schema.org\",\"@graph\":[{\"@type\":\"WebPage\",\"@id\":\"https:\/\/tecnoinstal.info\/es\/empresa-instalaciones-mantenimiento-industrial\/\",\"url\":\"https:\/\/tecnoinstal.info\/es\/empresa-instalaciones-mantenimiento-industrial\/\",\"name\":\"Empresa de instalaciones y mantenimiento industrial | Tecnoinstalaciones\",\"isPartOf\":{\"@id\":\"https:\/\/tecnoinstal.info\/es\/#website\"},\"datePublished\":\"2025-05-08T16:30:56+00:00\",\"dateModified\":\"2025-06-12T19:07:52+00:00\",\"description\":\"\u00a1Con\u00f3cenos! Empresa de instalaciones y mantenimiento industrial con m\u00e1s de 30 a\u00f1os de experiencia en el sector.\",\"breadcrumb\":{\"@id\":\"https:\/\/tecnoinstal.info\/es\/empresa-instalaciones-mantenimiento-industrial\/#breadcrumb\"},\"inLanguage\":\"es\",\"potentialAction\":[{\"@type\":\"ReadAction\",\"target\":[\"https:\/\/tecnoinstal.info\/es\/empresa-instalaciones-mantenimiento-industrial\/\"]}]},{\"@type\":\"BreadcrumbList\",\"@id\":\"https:\/\/tecnoinstal.info\/es\/empresa-instalaciones-mantenimiento-industrial\/#breadcrumb\",\"itemListElement\":[{\"@type\":\"ListItem\",\"position\":1,\"name\":\"Portada\",\"item\":\"https:\/\/tecnoinstal.info\/es\/\"},{\"@type\":\"ListItem\",\"position\":2,\"name\":\"Empresa\"}]},{\"@type\":\"WebSite\",\"@id\":\"https:\/\/tecnoinstal.info\/es\/#website\",\"url\":\"https:\/\/tecnoinstal.info\/es\/\",\"name\":\"Instal\u00b7lacions i manteniment\",\"description\":\"Instal\u00b7lacions i manteniment industrial per a empreses | Tecnoinstal\u00b7lacions\",\"potentialAction\":[{\"@type\":\"SearchAction\",\"target\":{\"@type\":\"EntryPoint\",\"urlTemplate\":\"https:\/\/tecnoinstal.info\/es\/?s={search_term_string}\"},\"query-input\":{\"@type\":\"PropertyValueSpecification\",\"valueRequired\":true,\"valueName\":\"search_term_string\"}}],\"inLanguage\":\"es\"}]}<\/script>\n<!-- \/ Yoast SEO plugin. -->","yoast_head_json":{"title":"Empresa de instalaciones y mantenimiento industrial | Tecnoinstalaciones","description":"\u00a1Con\u00f3cenos! Empresa de instalaciones y mantenimiento industrial con m\u00e1s de 30 a\u00f1os de experiencia en el sector.","robots":{"index":"index","follow":"follow","max-snippet":"max-snippet:-1","max-image-preview":"max-image-preview:large","max-video-preview":"max-video-preview:-1"},"canonical":"https:\/\/tecnoinstal.info\/es\/empresa-instalaciones-mantenimiento-industrial\/","og_locale":"es_ES","og_type":"article","og_title":"Empresa de instalaciones y mantenimiento industrial | Tecnoinstalaciones","og_description":"\u00a1Con\u00f3cenos! Empresa de instalaciones y mantenimiento industrial con m\u00e1s de 30 a\u00f1os de experiencia en el sector.","og_url":"https:\/\/tecnoinstal.info\/es\/empresa-instalaciones-mantenimiento-industrial\/","og_site_name":"Instal\u00b7lacions i manteniment","article_modified_time":"2025-06-12T19:07:52+00:00","twitter_card":"summary_large_image","twitter_misc":{"Tiempo de lectura":"8 minutos"},"schema":{"@context":"https:\/\/schema.org","@graph":[{"@type":"WebPage","@id":"https:\/\/tecnoinstal.info\/es\/empresa-instalaciones-mantenimiento-industrial\/","url":"https:\/\/tecnoinstal.info\/es\/empresa-instalaciones-mantenimiento-industrial\/","name":"Empresa de instalaciones y mantenimiento industrial | Tecnoinstalaciones","isPartOf":{"@id":"https:\/\/tecnoinstal.info\/es\/#website"},"datePublished":"2025-05-08T16:30:56+00:00","dateModified":"2025-06-12T19:07:52+00:00","description":"\u00a1Con\u00f3cenos! Empresa de instalaciones y mantenimiento industrial con m\u00e1s de 30 a\u00f1os de experiencia en el sector.","breadcrumb":{"@id":"https:\/\/tecnoinstal.info\/es\/empresa-instalaciones-mantenimiento-industrial\/#breadcrumb"},"inLanguage":"es","potentialAction":[{"@type":"ReadAction","target":["https:\/\/tecnoinstal.info\/es\/empresa-instalaciones-mantenimiento-industrial\/"]}]},{"@type":"BreadcrumbList","@id":"https:\/\/tecnoinstal.info\/es\/empresa-instalaciones-mantenimiento-industrial\/#breadcrumb","itemListElement":[{"@type":"ListItem","position":1,"name":"Portada","item":"https:\/\/tecnoinstal.info\/es\/"},{"@type":"ListItem","position":2,"name":"Empresa"}]},{"@type":"WebSite","@id":"https:\/\/tecnoinstal.info\/es\/#website","url":"https:\/\/tecnoinstal.info\/es\/","name":"Instal\u00b7lacions i manteniment","description":"Instal\u00b7lacions i manteniment industrial per a empreses | Tecnoinstal\u00b7lacions","potentialAction":[{"@type":"SearchAction","target":{"@type":"EntryPoint","urlTemplate":"https:\/\/tecnoinstal.info\/es\/?s={search_term_string}"},"query-input":{"@type":"PropertyValueSpecification","valueRequired":true,"valueName":"search_term_string"}}],"inLanguage":"es"}]}},"_links":{"self":[{"href":"https:\/\/tecnoinstal.info\/es\/wp-json\/wp\/v2\/pages\/1253","targetHints":{"allow":["GET"]}}],"collection":[{"href":"https:\/\/tecnoinstal.info\/es\/wp-json\/wp\/v2\/pages"}],"about":[{"href":"https:\/\/tecnoinstal.info\/es\/wp-json\/wp\/v2\/types\/page"}],"author":[{"embeddable":true,"href":"https:\/\/tecnoinstal.info\/es\/wp-json\/wp\/v2\/users\/1"}],"replies":[{"embeddable":true,"href":"https:\/\/tecnoinstal.info\/es\/wp-json\/wp\/v2\/comments?post=1253"}],"version-history":[{"count":2,"href":"https:\/\/tecnoinstal.info\/es\/wp-json\/wp\/v2\/pages\/1253\/revisions"}],"predecessor-version":[{"id":1294,"href":"https:\/\/tecnoinstal.info\/es\/wp-json\/wp\/v2\/pages\/1253\/revisions\/1294"}],"wp:attachment":[{"href":"https:\/\/tecnoinstal.info\/es\/wp-json\/wp\/v2\/media?parent=1253"}],"curies":[{"name":"wp","href":"https:\/\/api.w.org\/{rel}","templated":true}]}}