{"id":1255,"date":"2025-05-08T18:31:13","date_gmt":"2025-05-08T16:31:13","guid":{"rendered":"https:\/\/tecnoinstal.info\/contactar\/"},"modified":"2026-03-20T23:46:54","modified_gmt":"2026-03-20T22:46:54","slug":"contactar-empresa-instalaciones-mantenimiento","status":"publish","type":"page","link":"https:\/\/tecnoinstal.info\/es\/contactar-empresa-instalaciones-mantenimiento\/","title":{"rendered":"Contactar"},"content":{"rendered":"<p>[et_pb_section fb_built=\u00bb1&#8243; _builder_version=\u00bb4.27.4&#8243; _module_preset=\u00bbdefault\u00bb custom_padding_tablet=\u00bb120px||120px||true|false\u00bb global_colors_info=\u00bb{}\u00bb][et_pb_row column_structure=\u00bb1_2,1_2&#8243; make_equal=\u00bbon\u00bb _builder_version=\u00bb4.27.4&#8243; _module_preset=\u00bbdefault\u00bb custom_padding=\u00bb0px||0px||true|false\u00bb custom_css_main_element=\u00bbdisplay: flex;||flex-wrap: wrap;||align-items: center;\u00bb global_colors_info=\u00bb{}\u00bb][et_pb_column type=\u00bb1_2&#8243; _builder_version=\u00bb4.27.4&#8243; _module_preset=\u00bbdefault\u00bb global_colors_info=\u00bb{}\u00bb][et_pb_text _builder_version=\u00bb4.27.4&#8243; _module_preset=\u00bbdefault\u00bb text_text_color=\u00bb#000000&#8243; header_text_align=\u00bbleft\u00bb header_text_color=\u00bb#000000&#8243; header_line_height=\u00bb1.2em\u00bb header_2_font_size=\u00bb38px\u00bb header_2_line_height=\u00bb25em\u00bb max_width=\u00bb526px\u00bb module_alignment=\u00bbleft\u00bb custom_margin=\u00bb||40px||false|false\u00bb animation_style=\u00bbfold\u00bb header_font_size_tablet=\u00bb38px\u00bb header_font_size_phone=\u00bb30px\u00bb header_font_size_last_edited=\u00bbon|phone\u00bb header_2_font_size_tablet=\u00bb32px\u00bb header_2_font_size_phone=\u00bb24px\u00bb header_2_font_size_last_edited=\u00bbon|desktop\u00bb global_colors_info=\u00bb{}\u00bb]<\/p>\n<h1>Cont\u00e1ctanos ahora y encontramos la soluci\u00f3n que buscas!<\/h1>\n<p>[\/et_pb_text][et_pb_text _builder_version=\u00bb4.27.4&#8243; _module_preset=\u00bbdefault\u00bb text_text_color=\u00bb#000000&#8243; text_line_height=\u00bb25px\u00bb max_width=\u00bb567px\u00bb module_alignment=\u00bbleft\u00bb custom_margin=\u00bb||0px||false|false\u00bb animation_style=\u00bbflip\u00bb text_font_size_tablet=\u00bb16px\u00bb text_font_size_phone=\u00bb16px\u00bb text_font_size_last_edited=\u00bbon|desktop\u00bb global_colors_info=\u00bb{}\u00bb]<\/p>\n<div>\n<div>\n<p>\u00bfTienes un proyecto entre manos? \u00bfNecesitas optimizar tus instalaciones o el mantenimiento de tu planta? En Tecnoinstalaciones <strong>te escuchamos para ofrecerte una soluci\u00f3n a medida.<\/strong>  <\/p>\n<\/div>\n<\/div>\n<p>[\/et_pb_text][\/et_pb_column][et_pb_column type=\u00bb1_2&#8243; disabled_on=\u00bbon|on|on\u00bb _builder_version=\u00bb4.27.4&#8243; _module_preset=\u00bbdefault\u00bb disabled=\u00bbon\u00bb global_colors_info=\u00bb{}\u00bb][et_pb_text _builder_version=\u00bb4.27.4&#8243; _module_preset=\u00bbdefault\u00bb hover_enabled=\u00bb0&#8243; global_colors_info=\u00bb{}\u00bb sticky_enabled=\u00bb0&#8243;]<\/p>\n\n<div class=\"wpcf7 no-js\" id=\"wpcf7-f114-o1\" lang=\"ca\" dir=\"ltr\" data-wpcf7-id=\"114\">\n<div class=\"screen-reader-response\"><p role=\"status\" aria-live=\"polite\" aria-atomic=\"true\"><\/p> <ul><\/ul><\/div>\n<form action=\"\/es\/wp-json\/wp\/v2\/pages\/1255#wpcf7-f114-o1\" method=\"post\" class=\"wpcf7-form init\" aria-label=\"Formulari de contacte\" novalidate=\"novalidate\" data-status=\"init\">\n<div style=\"display: none;\">\n<input type=\"hidden\" name=\"_wpcf7\" value=\"114\" \/>\n<input type=\"hidden\" name=\"_wpcf7_version\" value=\"6.0.6\" \/>\n<input type=\"hidden\" name=\"_wpcf7_locale\" value=\"ca\" \/>\n<input type=\"hidden\" name=\"_wpcf7_unit_tag\" value=\"wpcf7-f114-o1\" \/>\n<input type=\"hidden\" name=\"_wpcf7_container_post\" value=\"0\" \/>\n<input type=\"hidden\" name=\"_wpcf7_posted_data_hash\" value=\"\" \/>\n<\/div>\n<div class=\"cf-container\">\n\t<div class=\"cf-col-6\">\n\t\t<p><span class=\"wpcf7-form-control-wrap\" data-name=\"your-name\"><input size=\"40\" maxlength=\"400\" class=\"wpcf7-form-control wpcf7-text wpcf7-validates-as-required\" aria-required=\"true\" aria-invalid=\"false\" placeholder=\"Nom i cognoms*\" value=\"\" type=\"text\" name=\"your-name\" \/><\/span>\n\t\t<\/p>\n\t<\/div>\n\t<div class=\"cf-col-6\">\n\t\t<p><span class=\"wpcf7-form-control-wrap\" data-name=\"your-phone\"><input size=\"40\" maxlength=\"400\" class=\"wpcf7-form-control wpcf7-text wpcf7-validates-as-required\" aria-required=\"true\" aria-invalid=\"false\" placeholder=\"Tel\u00e8fon\" value=\"\" type=\"text\" name=\"your-phone\" \/><\/span>\n\t\t<\/p>\n\t<\/div>\n\t<div class=\"cf-col-12\">\n\t\t<p><span class=\"wpcf7-form-control-wrap\" data-name=\"your-email\"><input size=\"40\" maxlength=\"400\" class=\"wpcf7-form-control wpcf7-email wpcf7-validates-as-required wpcf7-text wpcf7-validates-as-email\" aria-required=\"true\" aria-invalid=\"false\" placeholder=\"Correu electr\u00f2nic*\" value=\"\" type=\"email\" name=\"your-email\" \/><\/span>\n\t\t<\/p>\n\t<\/div>\n\t<div class=\"cf-col-12\">\n\t\t<p><span class=\"wpcf7-form-control-wrap\" data-name=\"your-message\"><textarea cols=\"40\" rows=\"10\" maxlength=\"2000\" class=\"wpcf7-form-control wpcf7-textarea wpcf7-validates-as-required\" aria-required=\"true\" aria-invalid=\"false\" placeholder=\"Com podem ajudar-te?\" name=\"your-message\"><\/textarea><\/span>\n\t\t<\/p>\n\t<\/div>\n\t<div class=\"btn-footer\">\n\t\t<div class=\"politica-de-privacidad\">\n\t\t\t<p><span class=\"wpcf7-form-control-wrap\" data-name=\"rgpd\"><span class=\"wpcf7-form-control wpcf7-acceptance\"><span class=\"wpcf7-list-item\"><label><input type=\"checkbox\" name=\"rgpd\" value=\"1\" aria-invalid=\"false\" \/><span class=\"wpcf7-list-item-label\">Accepto rebre informaci\u00f3 comercial, incl\u00fas per mitjans electr\u00f2nics<\/span><\/label><\/span><\/span><\/span><br \/>\n<span class=\"wpcf7-form-control-wrap\" data-name=\"rgpd2\"><span class=\"wpcf7-form-control wpcf7-acceptance\"><span class=\"wpcf7-list-item\"><label><input type=\"checkbox\" name=\"rgpd2\" value=\"1\" aria-invalid=\"false\" \/><span class=\"wpcf7-list-item-label\">He llegit i accepto la <a href=\"\/politica-de-privacitat-avis-legal\/\" class=\"legales2\">Pol\u00edtica de Privacitat<\/a><\/span><\/label><\/span><\/span><\/span>\n\t\t\t<\/p>\n\t\t<\/div>\n\t\t<p><input class=\"wpcf7-form-control wpcf7-submit has-spinner\" type=\"submit\" value=\"Enviar\" \/>\n\t\t<\/p>\n\t<\/div>\n<\/div><div class=\"wpcf7-response-output\" aria-hidden=\"true\"><\/div>\n<\/form>\n<\/div>\n\n<p>[\/et_pb_text][et_pb_toggle title=\u00bbInformaci\u00f3n sobre la protecci\u00f3n de datos\u00bb open_toggle_background_color=\u00bb#f5f5f5&#8243; closed_toggle_text_color=\u00bb#7c7c7c\u00bb closed_toggle_background_color=\u00bb#f5f5f5&#8243; icon_color=\u00bb#7c7c7c\u00bb toggle_icon=\u00bb&#x4c;||divi||400&#8243; open_icon_color=\u00bb#7c7c7c\u00bb open_toggle_icon=\u00bb&#x4b;||divi||400&#8243; module_class=\u00bbcontact-acordeon\u00bb _builder_version=\u00bb4.27.4&#8243; _module_preset=\u00bbdefault\u00bb title_text_color=\u00bb#7c7c7c\u00bb title_font_size=\u00bb14px\u00bb closed_title_font_size=\u00bb14px\u00bb closed_title_line_height=\u00bb1.2em\u00bb body_text_color=\u00bb#7c7c7c\u00bb body_font_size=\u00bb14px\u00bb body_line_height=\u00bb1.2em\u00bb max_width=\u00bb450px\u00bb max_width_tablet=\u00bb450px\u00bb max_width_phone=\u00bb450px\u00bb max_width_last_edited=\u00bbon|phone\u00bb custom_padding=\u00bb15px||15px||true|false\u00bb module_alignment_tablet=\u00bb\u00bb module_alignment_phone=\u00bb\u00bb module_alignment_last_edited=\u00bbon|desktop\u00bb custom_css_free_form=\u00bb.contact-acordeon p {||  font-size: 14px !important;||}\u00bb border_color_all=\u00bb#AFCB05&#8243; global_colors_info=\u00bb{}\u00bb]<\/p>\n<p><span>Tecnoinstalaciones SL garantiza a los usuarios de la p\u00e1gina web que cumple con el Reglamento General de Protecci\u00f3n de Datos (UE) 2016\/679, y que ha establecido todas las medidas de seguridad exigidas por las leyes y reglamentos destinados a preservar el secreto, confidencialidad e integridad en el tratamiento de sus datos personales.<\/span><br \/><span>Estos datos personales ser\u00e1n utilizados en la forma y con las limitaciones y derechos que concede la protecci\u00f3n de datos de car\u00e1cter personal.<\/span><br \/><span>La recogida y tratamiento de los datos personales solicitados tienen como finalidad la atenci\u00f3n al usuario, tanto administrativa como comercial. Tecnoinstalaciones SL se compromete a guardar la m\u00e1xima reserva, secreto y confidencialidad sobre la informaci\u00f3n de los datos personales que tiene a su disposici\u00f3n. <\/span><br \/><span>Usted tiene derecho a obtener confirmaci\u00f3n sobre si en Tecnoinstalaciones SL estamos tratando sus datos personales por lo que tiene derecho a acceder a sus datos personales, rectificar los datos que sean inexactos o solicitar su supresi\u00f3n cuando los datos ya no sean necesarios para las finalidades que fueron recogidos.<\/span><br \/><span>Para ejercer este derecho debe enviar una solicitud escrita y firmada a la siguiente direcci\u00f3n:<\/span><br \/><span>Polo. Ind. Ansed\u00f3, Nau 2 C\/ Sagrado Coraz\u00f3n 61, CP 43529 Raval de Cristo (Roquetes) TARRAGONA o en la direcci\u00f3n de correo electr\u00f3nico    <\/span><span id=\"cloak9f329ebded0e1a4ee1ec0c7de2f04d18\"><a href=\"mailto:info@tecnoinstal.info\">info@tecnoinstal.info<\/a><\/span> <span>, donde incluir\u00e1 su nombre, apellidos y fotocopia del DNI.<\/span><\/p>\n<p>[\/et_pb_toggle][\/et_pb_column][\/et_pb_row][\/et_pb_section][et_pb_section fb_built=\u00bb1&#8243; _builder_version=\u00bb4.27.4&#8243; _module_preset=\u00bbdefault\u00bb background_color=\u00bb#464646&#8243; global_colors_info=\u00bb{}\u00bb][et_pb_row _builder_version=\u00bb4.27.4&#8243; _module_preset=\u00bbdefault\u00bb custom_padding=\u00bb0px||0px||true|false\u00bb global_colors_info=\u00bb{}\u00bb][et_pb_column type=\u00bb4_4&#8243; _builder_version=\u00bb4.27.4&#8243; _module_preset=\u00bbdefault\u00bb global_colors_info=\u00bb{}\u00bb][et_pb_text _builder_version=\u00bb4.27.4&#8243; _module_preset=\u00bbdefault\u00bb header_2_text_align=\u00bbcenter\u00bb header_2_font_size=\u00bb38px\u00bb header_2_line_height=\u00bb1.2em\u00bb max_width=\u00bb807px\u00bb module_alignment=\u00bbcenter\u00bb custom_margin=\u00bb||50px||false|false\u00bb animation_style=\u00bbfold\u00bb header_2_font_size_tablet=\u00bb32px\u00bb header_2_font_size_phone=\u00bb24px\u00bb header_2_font_size_last_edited=\u00bbon|phone\u00bb global_colors_info=\u00bb{}\u00bb header_2_font_size__hover_enabled=\u00bboff|desktop\u00bb]<\/p>\n<h2>Informaci\u00f3n de contacto<\/h2>\n<p>[\/et_pb_text][\/et_pb_column][\/et_pb_row][et_pb_row column_structure=\u00bb1_3,1_3,1_3&#8243; _builder_version=\u00bb4.27.4&#8243; _module_preset=\u00bbdefault\u00bb custom_padding=\u00bb0px||0px||true|false\u00bb global_colors_info=\u00bb{}\u00bb][et_pb_column type=\u00bb1_3&#8243; _builder_version=\u00bb4.27.4&#8243; _module_preset=\u00bbdefault\u00bb global_colors_info=\u00bb{}\u00bb][et_pb_blurb title=\u00bb977 502 367&#8243; url=\u00bbtel:+54977502367&#8243; use_icon=\u00bbon\u00bb font_icon=\u00bb&#xe090;||divi||400&#8243; icon_color=\u00bb#FFFFFF\u00bb image_icon_background_color=\u00bb#AFCB05&#8243; image_icon_width=\u00bb20px\u00bb module_class=\u00bblink-contact\u00bb _builder_version=\u00bb4.27.4&#8243; _module_preset=\u00bbdefault\u00bb header_text_align=\u00bbcenter\u00bb header_line_height=\u00bb1.2em\u00bb body_text_align=\u00bbcenter\u00bb body_text_color=\u00bb#FFFFFF\u00bb image_icon_custom_padding=\u00bb10px|10px|10px|10px|true|true\u00bb max_width=\u00bb106px\u00bb module_alignment=\u00bbcenter\u00bb custom_margin=\u00bb||10px||false|false\u00bb animation_style=\u00bbflip\u00bb custom_css_free_form=\u00bb.link-contact .et_pb_module_header {||  font-weight: 400 !important;||}\u00bb border_radii_image=\u00bbon|100%|100%|100%|100%\u00bb global_colors_info=\u00bb{}\u00bb][\/et_pb_blurb][\/et_pb_column][et_pb_column type=\u00bb1_3&#8243; _builder_version=\u00bb4.27.4&#8243; _module_preset=\u00bbdefault\u00bb global_colors_info=\u00bb{}\u00bb][et_pb_blurb title=\u00bbPol\u00edgono Ansed\u00f3, nave 2, 43529 Raval de Cristo (Roquetes), Tarragona\u00bb url=\u00bbhttps:\/\/maps.app.goo.gl\/s3r5BDBGA5AZ11cn9&#8243; url_new_window=\u00bbon\u00bb use_icon=\u00bbon\u00bb font_icon=\u00bb&#xf3c5;||fa||900&#8243; icon_color=\u00bb#FFFFFF\u00bb image_icon_background_color=\u00bb#AFCB05&#8243; image_icon_width=\u00bb20px\u00bb module_class=\u00bblink-contact\u00bb _builder_version=\u00bb4.27.4&#8243; _module_preset=\u00bbdefault\u00bb header_text_align=\u00bbcenter\u00bb header_line_height=\u00bb1.2em\u00bb image_icon_custom_padding=\u00bb7px|10px|7px|10px|true|false\u00bb max_width=\u00bb267px\u00bb module_alignment=\u00bbcenter\u00bb custom_padding_tablet=\u00bb20px||||false|false\u00bb custom_padding_phone=\u00bb20px||||false|false\u00bb custom_padding_last_edited=\u00bbon|tablet\u00bb animation_style=\u00bbflip\u00bb border_radii_image=\u00bbon|100%|100%|100%|100%\u00bb global_colors_info=\u00bb{}\u00bb][\/et_pb_blurb][\/et_pb_column][et_pb_column type=\u00bb1_3&#8243; _builder_version=\u00bb4.27.4&#8243; _module_preset=\u00bbdefault\u00bb global_colors_info=\u00bb{}\u00bb][et_pb_blurb title=\u00bb  info@tecnoinstal.info\u00bb url=\u00bbmailto:%20info@tecnoinstal.info\u00bb url_new_window=\u00bbon\u00bb use_icon=\u00bbon\u00bb font_icon=\u00bb&#xf0e0;||fa||900&#8243; icon_color=\u00bb#FFFFFF\u00bb image_icon_background_color=\u00bb#AFCB05&#8243; image_icon_width=\u00bb20px\u00bb module_class=\u00bblink-contact\u00bb _builder_version=\u00bb4.27.4&#8243; _module_preset=\u00bbdefault\u00bb header_text_align=\u00bbcenter\u00bb header_line_height=\u00bb1.2em\u00bb image_icon_custom_padding=\u00bb10px|10px|10px|10px|true|true\u00bb custom_padding_tablet=\u00bb20px||||false|false\u00bb custom_padding_phone=\u00bb20px||||false|false\u00bb custom_padding_last_edited=\u00bbon|phone\u00bb animation_style=\u00bbflip\u00bb border_radii_image=\u00bbon|100%|100%|100%|100%\u00bb global_colors_info=\u00bb{}\u00bb][\/et_pb_blurb][\/et_pb_column][\/et_pb_row][\/et_pb_section][et_pb_section fb_built=\u00bb1&#8243; _builder_version=\u00bb4.27.4&#8243; _module_preset=\u00bbdefault\u00bb width=\u00bb100%\u00bb max_width=\u00bb100%\u00bb custom_padding=\u00bb0px||0px||true|false\u00bb custom_padding_phone=\u00bb0px||0px||true|false\u00bb global_colors_info=\u00bb{}\u00bb][et_pb_row _builder_version=\u00bb4.27.4&#8243; _module_preset=\u00bbdefault\u00bb width=\u00bb100%\u00bb max_width=\u00bb100%\u00bb custom_padding=\u00bb0px||0px||false|false\u00bb global_colors_info=\u00bb{}\u00bb][et_pb_column type=\u00bb4_4&#8243; _builder_version=\u00bb4.27.4&#8243; _module_preset=\u00bbdefault\u00bb global_colors_info=\u00bb{}\u00bb][et_pb_text module_class=\u00bbiframe-contact\u00bb _builder_version=\u00bb4.27.4&#8243; _module_preset=\u00bbdefault\u00bb width=\u00bb100%\u00bb max_width=\u00bb100%\u00bb custom_padding=\u00bb0px||0px||true|false\u00bb global_colors_info=\u00bb{}\u00bb]<iframe src=\"https:\/\/www.google.com\/maps\/embed?pb=!1m18!1m12!1m3!1d3020.003858510186!2d0.495299!3d40.805909!2m3!1f0!2f0!3f0!3m2!1i1024!2i768!4f13.1!3m3!1m2!1s0x12a0e4da529a7363%3A0x1347a3baeabd220a!2sTecno%20instalaciones%20SL!5e0!3m2!1ses!2sco!4v1747230306362!5m2!1ses!2sco\" width=\"600\" height=\"450\" style=\"border:0;\" allowfullscreen=\"\" loading=\"lazy\" referrerpolicy=\"no-referrer-when-downgrade\"><\/iframe>[\/et_pb_text][\/et_pb_column][\/et_pb_row][\/et_pb_section]<\/p>\n","protected":false},"excerpt":{"rendered":"<p>Cont\u00e1ctanos ahora y encontramos la soluci\u00f3n que buscas! \u00bfTienes un proyecto entre manos? \u00bfNecesitas optimizar tus instalaciones o el mantenimiento de tu planta? En Tecnoinstalaciones te escuchamos para ofrecerte una soluci\u00f3n a medida. \n<div class=\"wpcf7 no-js\" id=\"wpcf7-f114-o2\" lang=\"ca\" dir=\"ltr\" data-wpcf7-id=\"114\">\n<div class=\"screen-reader-response\"><p role=\"status\" aria-live=\"polite\" aria-atomic=\"true\"><\/p> <ul><\/ul><\/div>\n<form action=\"\/es\/wp-json\/wp\/v2\/pages\/1255#wpcf7-f114-o2\" method=\"post\" class=\"wpcf7-form init\" aria-label=\"Formulari de contacte\" novalidate=\"novalidate\" data-status=\"init\">\n<div style=\"display: none;\">\n<input type=\"hidden\" name=\"_wpcf7\" value=\"114\" \/>\n<input type=\"hidden\" name=\"_wpcf7_version\" value=\"6.0.6\" \/>\n<input type=\"hidden\" name=\"_wpcf7_locale\" value=\"ca\" \/>\n<input type=\"hidden\" name=\"_wpcf7_unit_tag\" value=\"wpcf7-f114-o2\" \/>\n<input type=\"hidden\" name=\"_wpcf7_container_post\" value=\"0\" \/>\n<input type=\"hidden\" name=\"_wpcf7_posted_data_hash\" value=\"\" \/>\n<\/div>\n<div class=\"cf-container\">\n\t<div class=\"cf-col-6\">\n\t\t<p><span class=\"wpcf7-form-control-wrap\" data-name=\"your-name\"><input size=\"40\" maxlength=\"400\" class=\"wpcf7-form-control wpcf7-text wpcf7-validates-as-required\" aria-required=\"true\" aria-invalid=\"false\" placeholder=\"Nom i cognoms*\" value=\"\" type=\"text\" name=\"your-name\" \/><\/span>\n\t\t<\/p>\n\t<\/div>\n\t<div class=\"cf-col-6\">\n\t\t<p><span class=\"wpcf7-form-control-wrap\" data-name=\"your-phone\"><input size=\"40\" maxlength=\"400\" class=\"wpcf7-form-control wpcf7-text wpcf7-validates-as-required\" aria-required=\"true\" aria-invalid=\"false\" placeholder=\"Tel\u00e8fon\" value=\"\" type=\"text\" name=\"your-phone\" \/><\/span>\n\t\t<\/p>\n\t<\/div>\n\t<div class=\"cf-col-12\">\n\t\t<p><span class=\"wpcf7-form-control-wrap\" data-name=\"your-email\"><input size=\"40\" maxlength=\"400\" class=\"wpcf7-form-control wpcf7-email wpcf7-validates-as-required wpcf7-text wpcf7-validates-as-email\" aria-required=\"true\" aria-invalid=\"false\" placeholder=\"Correu electr\u00f2nic*\" value=\"\" type=\"email\" name=\"your-email\" \/><\/span>\n\t\t<\/p>\n\t<\/div>\n\t<div class=\"cf-col-12\">\n\t\t<p><span class=\"wpcf7-form-control-wrap\" data-name=\"your-message\"><textarea cols=\"40\" rows=\"10\" maxlength=\"2000\" class=\"wpcf7-form-control wpcf7-textarea wpcf7-validates-as-required\" aria-required=\"true\" aria-invalid=\"false\" placeholder=\"Com podem ajudar-te?\" name=\"your-message\"><\/textarea><\/span>\n\t\t<\/p>\n\t<\/div>\n\t<div class=\"btn-footer\">\n\t\t<div class=\"politica-de-privacidad\">\n\t\t\t<p><span class=\"wpcf7-form-control-wrap\" data-name=\"rgpd\"><span class=\"wpcf7-form-control wpcf7-acceptance\"><span class=\"wpcf7-list-item\"><label><input type=\"checkbox\" name=\"rgpd\" value=\"1\" aria-invalid=\"false\" \/><span class=\"wpcf7-list-item-label\">Accepto rebre informaci\u00f3 comercial, incl\u00fas per mitjans electr\u00f2nics<\/span><\/label><\/span><\/span><\/span><br \/>\n<span class=\"wpcf7-form-control-wrap\" data-name=\"rgpd2\"><span class=\"wpcf7-form-control wpcf7-acceptance\"><span class=\"wpcf7-list-item\"><label><input type=\"checkbox\" name=\"rgpd2\" value=\"1\" aria-invalid=\"false\" \/><span class=\"wpcf7-list-item-label\">He llegit i accepto la <a href=\"\/politica-de-privacitat-avis-legal\/\" class=\"legales2\">Pol\u00edtica de Privacitat<\/a><\/span><\/label><\/span><\/span><\/span>\n\t\t\t<\/p>\n\t\t<\/div>\n\t\t<p><input class=\"wpcf7-form-control wpcf7-submit has-spinner\" type=\"submit\" value=\"Enviar\" \/>\n\t\t<\/p>\n\t<\/div>\n<\/div><div class=\"wpcf7-response-output\" aria-hidden=\"true\"><\/div>\n<\/form>\n<\/div>\nTecnoinstalaciones SL garantiza a los usuarios de la p\u00e1gina web que cumple con el Reglamento General de Protecci\u00f3n [&hellip;]<\/p>\n","protected":false},"author":1,"featured_media":0,"parent":0,"menu_order":5,"comment_status":"closed","ping_status":"closed","template":"","meta":{"_et_pb_use_builder":"on","_et_pb_old_content":"","_et_gb_content_width":"","inline_featured_image":false,"footnotes":""},"class_list":["post-1255","page","type-page","status-publish","hentry"],"yoast_head":"<!-- This site is optimized with the Yoast SEO plugin v25.3 - https:\/\/yoast.com\/wordpress\/plugins\/seo\/ -->\n<title>Contactar con Tecnoinstalaciones, empresa de instalaciones y mantenimiento industrial<\/title>\n<meta name=\"description\" content=\"\u00bfNecesitas ayuda? Contacta con nosotros. Como empresa de instalaciones y mantenimiento industrial, podemos asesorarte.\" \/>\n<meta name=\"robots\" content=\"index, follow, max-snippet:-1, max-image-preview:large, max-video-preview:-1\" \/>\n<link rel=\"canonical\" href=\"https:\/\/tecnoinstal.info\/es\/contactar-empresa-instalaciones-mantenimiento\/\" \/>\n<meta property=\"og:locale\" content=\"es_ES\" \/>\n<meta property=\"og:type\" content=\"article\" \/>\n<meta property=\"og:title\" content=\"Contactar con Tecnoinstalaciones, empresa de instalaciones y mantenimiento industrial\" \/>\n<meta property=\"og:description\" content=\"\u00bfNecesitas ayuda? Contacta con nosotros. Como empresa de instalaciones y mantenimiento industrial, podemos asesorarte.\" \/>\n<meta property=\"og:url\" content=\"https:\/\/tecnoinstal.info\/es\/contactar-empresa-instalaciones-mantenimiento\/\" \/>\n<meta property=\"og:site_name\" content=\"Instal\u00b7lacions i manteniment\" \/>\n<meta property=\"article:modified_time\" content=\"2026-03-20T22:46:54+00:00\" \/>\n<meta name=\"twitter:card\" content=\"summary_large_image\" \/>\n<meta name=\"twitter:label1\" content=\"Tiempo de lectura\" \/>\n\t<meta name=\"twitter:data1\" content=\"6 minutos\" \/>\n<script type=\"application\/ld+json\" class=\"yoast-schema-graph\">{\"@context\":\"https:\/\/schema.org\",\"@graph\":[{\"@type\":\"WebPage\",\"@id\":\"https:\/\/tecnoinstal.info\/es\/contactar-empresa-instalaciones-mantenimiento\/\",\"url\":\"https:\/\/tecnoinstal.info\/es\/contactar-empresa-instalaciones-mantenimiento\/\",\"name\":\"Contactar con Tecnoinstalaciones, empresa de instalaciones y mantenimiento industrial\",\"isPartOf\":{\"@id\":\"https:\/\/tecnoinstal.info\/es\/#website\"},\"datePublished\":\"2025-05-08T16:31:13+00:00\",\"dateModified\":\"2026-03-20T22:46:54+00:00\",\"description\":\"\u00bfNecesitas ayuda? Contacta con nosotros. Como empresa de instalaciones y mantenimiento industrial, podemos asesorarte.\",\"breadcrumb\":{\"@id\":\"https:\/\/tecnoinstal.info\/es\/contactar-empresa-instalaciones-mantenimiento\/#breadcrumb\"},\"inLanguage\":\"es\",\"potentialAction\":[{\"@type\":\"ReadAction\",\"target\":[\"https:\/\/tecnoinstal.info\/es\/contactar-empresa-instalaciones-mantenimiento\/\"]}]},{\"@type\":\"BreadcrumbList\",\"@id\":\"https:\/\/tecnoinstal.info\/es\/contactar-empresa-instalaciones-mantenimiento\/#breadcrumb\",\"itemListElement\":[{\"@type\":\"ListItem\",\"position\":1,\"name\":\"Portada\",\"item\":\"https:\/\/tecnoinstal.info\/es\/\"},{\"@type\":\"ListItem\",\"position\":2,\"name\":\"Contactar\"}]},{\"@type\":\"WebSite\",\"@id\":\"https:\/\/tecnoinstal.info\/es\/#website\",\"url\":\"https:\/\/tecnoinstal.info\/es\/\",\"name\":\"Instal\u00b7lacions i manteniment\",\"description\":\"Instal\u00b7lacions i manteniment industrial per a empreses | Tecnoinstal\u00b7lacions\",\"potentialAction\":[{\"@type\":\"SearchAction\",\"target\":{\"@type\":\"EntryPoint\",\"urlTemplate\":\"https:\/\/tecnoinstal.info\/es\/?s={search_term_string}\"},\"query-input\":{\"@type\":\"PropertyValueSpecification\",\"valueRequired\":true,\"valueName\":\"search_term_string\"}}],\"inLanguage\":\"es\"}]}<\/script>\n<!-- \/ Yoast SEO plugin. -->","yoast_head_json":{"title":"Contactar con Tecnoinstalaciones, empresa de instalaciones y mantenimiento industrial","description":"\u00bfNecesitas ayuda? Contacta con nosotros. Como empresa de instalaciones y mantenimiento industrial, podemos asesorarte.","robots":{"index":"index","follow":"follow","max-snippet":"max-snippet:-1","max-image-preview":"max-image-preview:large","max-video-preview":"max-video-preview:-1"},"canonical":"https:\/\/tecnoinstal.info\/es\/contactar-empresa-instalaciones-mantenimiento\/","og_locale":"es_ES","og_type":"article","og_title":"Contactar con Tecnoinstalaciones, empresa de instalaciones y mantenimiento industrial","og_description":"\u00bfNecesitas ayuda? Contacta con nosotros. Como empresa de instalaciones y mantenimiento industrial, podemos asesorarte.","og_url":"https:\/\/tecnoinstal.info\/es\/contactar-empresa-instalaciones-mantenimiento\/","og_site_name":"Instal\u00b7lacions i manteniment","article_modified_time":"2026-03-20T22:46:54+00:00","twitter_card":"summary_large_image","twitter_misc":{"Tiempo de lectura":"6 minutos"},"schema":{"@context":"https:\/\/schema.org","@graph":[{"@type":"WebPage","@id":"https:\/\/tecnoinstal.info\/es\/contactar-empresa-instalaciones-mantenimiento\/","url":"https:\/\/tecnoinstal.info\/es\/contactar-empresa-instalaciones-mantenimiento\/","name":"Contactar con Tecnoinstalaciones, empresa de instalaciones y mantenimiento industrial","isPartOf":{"@id":"https:\/\/tecnoinstal.info\/es\/#website"},"datePublished":"2025-05-08T16:31:13+00:00","dateModified":"2026-03-20T22:46:54+00:00","description":"\u00bfNecesitas ayuda? Contacta con nosotros. Como empresa de instalaciones y mantenimiento industrial, podemos asesorarte.","breadcrumb":{"@id":"https:\/\/tecnoinstal.info\/es\/contactar-empresa-instalaciones-mantenimiento\/#breadcrumb"},"inLanguage":"es","potentialAction":[{"@type":"ReadAction","target":["https:\/\/tecnoinstal.info\/es\/contactar-empresa-instalaciones-mantenimiento\/"]}]},{"@type":"BreadcrumbList","@id":"https:\/\/tecnoinstal.info\/es\/contactar-empresa-instalaciones-mantenimiento\/#breadcrumb","itemListElement":[{"@type":"ListItem","position":1,"name":"Portada","item":"https:\/\/tecnoinstal.info\/es\/"},{"@type":"ListItem","position":2,"name":"Contactar"}]},{"@type":"WebSite","@id":"https:\/\/tecnoinstal.info\/es\/#website","url":"https:\/\/tecnoinstal.info\/es\/","name":"Instal\u00b7lacions i manteniment","description":"Instal\u00b7lacions i manteniment industrial per a empreses | Tecnoinstal\u00b7lacions","potentialAction":[{"@type":"SearchAction","target":{"@type":"EntryPoint","urlTemplate":"https:\/\/tecnoinstal.info\/es\/?s={search_term_string}"},"query-input":{"@type":"PropertyValueSpecification","valueRequired":true,"valueName":"search_term_string"}}],"inLanguage":"es"}]}},"_links":{"self":[{"href":"https:\/\/tecnoinstal.info\/es\/wp-json\/wp\/v2\/pages\/1255","targetHints":{"allow":["GET"]}}],"collection":[{"href":"https:\/\/tecnoinstal.info\/es\/wp-json\/wp\/v2\/pages"}],"about":[{"href":"https:\/\/tecnoinstal.info\/es\/wp-json\/wp\/v2\/types\/page"}],"author":[{"embeddable":true,"href":"https:\/\/tecnoinstal.info\/es\/wp-json\/wp\/v2\/users\/1"}],"replies":[{"embeddable":true,"href":"https:\/\/tecnoinstal.info\/es\/wp-json\/wp\/v2\/comments?post=1255"}],"version-history":[{"count":6,"href":"https:\/\/tecnoinstal.info\/es\/wp-json\/wp\/v2\/pages\/1255\/revisions"}],"predecessor-version":[{"id":1350,"href":"https:\/\/tecnoinstal.info\/es\/wp-json\/wp\/v2\/pages\/1255\/revisions\/1350"}],"wp:attachment":[{"href":"https:\/\/tecnoinstal.info\/es\/wp-json\/wp\/v2\/media?parent=1255"}],"curies":[{"name":"wp","href":"https:\/\/api.w.org\/{rel}","templated":true}]}}