{"id":1314,"date":"2025-05-12T19:13:27","date_gmt":"2025-05-12T17:13:27","guid":{"rendered":"https:\/\/tecnoinstal.info\/politica-de-privacidad-aviso-legal\/"},"modified":"2025-06-13T19:22:15","modified_gmt":"2025-06-13T17:22:15","slug":"politica-de-privacidad-aviso-legal","status":"publish","type":"page","link":"https:\/\/tecnoinstal.info\/es\/politica-de-privacidad-aviso-legal\/","title":{"rendered":"Pol\u00edtica de privacidad | Aviso legal"},"content":{"rendered":"<p>[et_pb_section fb_built=\u00bb1&#8243; _builder_version=\u00bb4.27.4&#8243; _module_preset=\u00bbdefault\u00bb global_colors_info=\u00bb{}\u00bb][et_pb_row _builder_version=\u00bb4.27.4&#8243; _module_preset=\u00bbdefault\u00bb global_colors_info=\u00bb{}\u00bb][et_pb_column type=\u00bb4_4&#8243; _builder_version=\u00bb4.27.4&#8243; _module_preset=\u00bbdefault\u00bb global_colors_info=\u00bb{}\u00bb][et_pb_text _builder_version=\u00bb4.27.4&#8243; _module_preset=\u00bbdefault\u00bb global_colors_info=\u00bb{}\u00bb]<\/p>\n<p><strong>AVISO LEGAL LSSI-CE<\/strong><\/p>\n<p>&nbsp;<\/p>\n<p>En cumplimiento de la Ley 34\/2002, de 11 de julio, de Servicios de la Sociedad de la Informaci\u00f3n y de Comercio Electr\u00f3nico (LSSI-CE), y de lo que exige el art\u00edculo 10 de la citada Ley, se informa que:<br \/> El titular de esta p\u00e1gina web es Tecnoinstalaciones SLU, con CIF B43418110 e inscrita en el Registro Mercantil de Tarragona, Hoja T-10149, Folio 73, Tomo 1065, Inscripci\u00f3n 1\u00aa.<br \/> El domicilio social es Plaza 1 de octubre 1, 1\u00ba, CP 43500 Tortosa (Tarragona), el n\u00famero de tel\u00e9fono de contacto es el 977 502 367 y su direcci\u00f3n de correo electr\u00f3nico es<span> <\/span><span id=\"cloak93607791e1c9f73010f62d6b591f1764\"><a href=\"mailto:info@tecnoinstal.info\">info@tecnoinstal.info<\/a><\/span><\/p>\n<p>[\/et_pb_text][et_pb_text _builder_version=\u00bb4.27.4&#8243; _module_preset=\u00bbdefault\u00bb global_colors_info=\u00bb{}\u00bb]<\/p>\n<p><strong>PROTECCI\u00d3N DE DATOS<\/strong><\/p>\n<p><span><\/span><br \/><span>Tecnoinstalaciones SLU garantiza a los usuarios de la p\u00e1gina web que cumple con el Reglamento General de Protecci\u00f3n de Datos (UE) 2016\/679 y que ha establecido todas las medidas de seguridad exigidas por las leyes y reglamentos destinados a preservar el secreto, confidencialidad e integridad en el tratamiento de sus datos personales.<\/span><br \/><span>Estos datos personales ser\u00e1n utilizados en la forma y con las limitaciones y derechos que concede la protecci\u00f3n de datos de car\u00e1cter personal.<\/span><br \/><span>La recogida y tratamiento de los datos personales solicitados tienen como finalidad la atenci\u00f3n al usuario, tanto administrativa como comercial. Tecnoinstalaciones SLU se compromete a guardar la m\u00e1xima reserva, secreto y confidencialidad sobre la informaci\u00f3n de los datos personales que tiene a su disposici\u00f3n. <\/span><br \/><span>Usted tiene derecho a obtener confirmaci\u00f3n sobre si en Tecnoinstalaciones SLU estamos tratando sus datos personales por lo que tiene derecho a acceder a sus datos personales, rectificar los datos que sean inexactos o solicitar su supresi\u00f3n cuando los datos ya no sean necesarios para los fines que fueron recogidos.<\/span><br \/><span>Para ejercer este derecho debe enviar una solicitud escrita y firmada a la siguiente direcci\u00f3n:<\/span><br \/><span>Polo. Ind. Ansed\u00f3, Nau 2, CP 43529 Raval de Cristo (Roquetes) TARRAGONA o en la direcci\u00f3n de correo electr\u00f3nico    <\/span><span id=\"cloak9f329ebded0e1a4ee1ec0c7de2f04d18\"><a href=\"mailto:info@tecnoinstal.info\">info@tecnoinstal.info<\/a><\/span> <span>, donde incluir\u00e1 su nombre, apellidos y fotocopia del DNI.<\/span><\/p>\n<p>[\/et_pb_text][et_pb_text _builder_version=\u00bb4.27.4&#8243; _module_preset=\u00bbdefault\u00bb global_colors_info=\u00bb{}\u00bb]<\/p>\n<p><strong>USUARIOS<\/strong><\/p>\n<p><span><\/span><br \/><span>El acceso y\/o uso de este sitio web le atribuye la condici\u00f3n de USUARIO, que acepta, desde este acceso y\/o uso, las Condiciones Generales de Uso aqu\u00ed reflejadas. Las citadas Condiciones ser\u00e1n de aplicaci\u00f3n independientemente de las Condiciones Generales de Contrataci\u00f3n que en su caso resulten de obligado cumplimiento. <\/span><\/p>\n<p>[\/et_pb_text][et_pb_text _builder_version=\u00bb4.27.4&#8243; _module_preset=\u00bbdefault\u00bb global_colors_info=\u00bb{}\u00bb]<\/p>\n<p><strong>USO DEL SITIO WEB<\/strong><\/p>\n<p><span><\/span><br \/><span>La p\u00e1gina web proporciona el acceso a multitud de informaciones, servicios, programas o datos (en lo sucesivo \u201clos contenidos\u201d) a internet que pertenecen a Tecnoinstalaciones SLU oa sus licenciadores a los que el USUARIO puede tener acceso. El USUARIO asume la responsabilidad del uso del sitio web. Esta responsabilidad se extiende al registro necesario para acceder a determinados servicios o contenidos. En este registro el USUARIO ser\u00e1 el responsable de aportar informaci\u00f3n veraz y l\u00edcita.   <\/span><br \/><span>El USUARIO se compromete a hacer un uso adecuado de los contenidos y servicios que Tecnoinstalaciones SLU ofrece a trav\u00e9s de su sitio web y con car\u00e1cter enunciativo pero no limitativo, a no utilizarlos para:<\/span><br \/><span>1. Incurrir en actividades il\u00edcitas, ilegales o contrarias a la buena fe y al orden p\u00fablico. 2. Difundir contenidos o propaganda de car\u00e1cter racista, xen\u00f3fobo, pornogr\u00e1fico, ilegal, de apolog\u00eda del terrorismo o atentatorio contra los derechos humanos. 3. Provocar da\u00f1os a los sistemas f\u00edsicos y l\u00f3gicos de Tecnoinstalaciones SLU, de sus proveedores o de terceras personas, introduciendo o difundiendo en la red virus inform\u00e1ticos o cualquier otro sistema f\u00edsico o l\u00f3gico que sean susceptibles de provocar los da\u00f1os anteriormente citados. 4. Intentar acceder y, en su caso, utilizar las cuentas de correo electr\u00f3nico de otros usuarios y modificar manipular sus mensajes. Tecnoinstalaciones SLU se reserva el derecho de retirar todos aquellos comentarios y aportaciones que vulneren el respeto a la dignidad de la persona, que sean discriminatorios, xen\u00f3fobos, racistas, pornogr\u00e1ficos, que atenten contra la juventud o la infancia, contra el orden o la seguridad p\u00fablica o que, a su juicio, no resulten adecuado. En cualquier caso, Tecnoinstalaciones SLU, no ser\u00e1 responsable de las opiniones emitidas por los usuarios mediante foros, chats u otras herramientas de participaci\u00f3n.     <\/span><\/p>\n<p>[\/et_pb_text][et_pb_text _builder_version=\u00bb4.27.4&#8243; _module_preset=\u00bbdefault\u00bb global_colors_info=\u00bb{}\u00bb]<\/p>\n<p><strong>PROPIEDAD INTELECTUAL<\/strong><\/p>\n<p><span><\/span><br \/><span>Tecnoinstalaciones SLU ser\u00e1 titular de todos los derechos de propiedad intelectual e industrial de su p\u00e1gina web, as\u00ed como de los elementos contenidos en la misma (a t\u00edtulo enunciativo, im\u00e1genes, sonido, audio, software o textos; marcas o logotipos, combinaciones de colores, estructura y dise\u00f1o, selecci\u00f3n de materiales utilizados, programas de ordenador necesarios para su funcionamiento, acceso y uso, etc&#8230;).<\/span><br \/><span>Todos los derechos reservados. En virtud de lo dispuesto en los art\u00edculos 8 y 32.1, p\u00e1rrafo segundo, de la Ley de la Propiedad Intelectual, quedan expresamente prohibidas la reproducci\u00f3n, distribuci\u00f3n y comunicaci\u00f3n p\u00fablica, incluida la modalidad de puesta a disposici\u00f3n, de la totalidad o parte de los contenidos de esta p\u00e1gina web, con fines comerciales, en cualquier soporte y por cualquier medio t\u00e9cnico, sin la autorizaci\u00f3n de la misma. <\/span><br \/><span>El USUARIO se compromete a respetar los derechos de Propiedad Intelectual e Industrial titularidad de Tecnoinstalaciones SLU. Podr\u00e1 visualizar los elementos del portal e incluso imprimirlos, copiarlos y almacenarlos en el disco duro de su ordenador o de cualquier otro soporte f\u00edsico siempre <\/span><br \/><span>que sea, \u00fanica y exclusivamente, para uso personal y privado. El USUARIO deber\u00e1 abstenerse de suprimir, alterar, eludir o manipular cualquier dispositivo de protecci\u00f3n o sistema de seguridad que estuviera instalado en las p\u00e1ginas de Tecnoinstalaciones SLU. <\/span><\/p>\n<p>[\/et_pb_text][et_pb_text _builder_version=\u00bb4.27.4&#8243; _module_preset=\u00bbdefault\u00bb global_colors_info=\u00bb{}\u00bb]<\/p>\n<p><strong>MODIFICACIONES<\/strong><\/p>\n<p><span><\/span><br \/><span>TECNOINSTALACIONS SLU, se reserva el derecho de efectuar, sin previo aviso, las modificaciones que considere oportunas en su portal web, pudiendo cambiar, suprimir o a\u00f1adir tanto los contenidos como los servicios que se prestan.<\/span><\/p>\n<p>[\/et_pb_text][et_pb_text _builder_version=\u00bb4.27.4&#8243; _module_preset=\u00bbdefault\u00bb global_colors_info=\u00bb{}\u00bb]<\/p>\n<p><strong>ENLACES<\/strong><\/p>\n<p>&nbsp;<\/p>\n<p><span>En caso de que en la p\u00e1gina web se dispusieran de enlaces o hiperv\u00ednculos hacia otros sitios de Internet, TECNOINSTALACIONES SLU no ejercer\u00e1 ning\u00fan tipo de control sobre estos sitios y contenidos. En ning\u00fan caso TECNOINSTALACIONES SLU, asumir\u00e1 responsabilidad alguna por los contenidos de algunos enlaces que pertenezcan a un sitio web ajeno, ni garantizar\u00e1 la disponibilidad t\u00e9cnica, calidad, fiabilidad, exactitud, amplitud, veracidad, validez y constitucionalidad de cualquier material o informaci\u00f3n contenida en ninguno de estos hiperv\u00ednculos o de otros sitios de Internet. <\/span><br \/><span>Asimismo, la inclusi\u00f3n de estas conexiones externas no implicar\u00e1 ning\u00fan tipo de asociaci\u00f3n, fusi\u00f3n o participaci\u00f3n con las entidades conectadas.<\/span><\/p>\n<p>[\/et_pb_text][et_pb_text _builder_version=\u00bb4.27.4&#8243; _module_preset=\u00bbdefault\u00bb global_colors_info=\u00bb{}\u00bb]<\/p>\n<p><strong>DERECHOS DE EXCLUSI\u00d3N<\/strong><\/p>\n<p><span><\/span><br \/><span>TECNOINSTALACIONS SLU se reserva el derecho a denegar o retirar el acceso al portal web y\/oa los servicios ofrecidos sin necesidad de previo aviso, a instancia propia o de un tercero, a aquellos USUARIOS que incumplan las presentes Condiciones Generales de Uso.<\/span><\/p>\n<p>[\/et_pb_text][et_pb_text _builder_version=\u00bb4.27.4&#8243; _module_preset=\u00bbdefault\u00bb global_colors_info=\u00bb{}\u00bb]<\/p>\n<p><strong>GENERALIDADES<\/strong><\/p>\n<p><span><\/span><br \/><span>TECNOINSTALACIONES SLU perseguir\u00e1 el incumplimiento de las presentes condiciones, as\u00ed como de cualquier utilizaci\u00f3n indebida de su portal web, ejerciendo todas las acciones civiles y penales que le puedan corresponder en derecho.<\/span><\/p>\n<p>[\/et_pb_text][et_pb_text _builder_version=\u00bb4.27.4&#8243; _module_preset=\u00bbdefault\u00bb global_colors_info=\u00bb{}\u00bb]<\/p>\n<p><strong>LEGISLACI\u00d3N APLICABLE Y JURISDICCI\u00d3N<\/strong><\/p>\n<p><span><\/span><br \/><span>La relaci\u00f3n entre TECNOINSTALCIONS SLU y el USUARIO se regir\u00e1 por la normativa espa\u00f1ola vigente y cualquier controversia ser\u00e1 sometida a los juzgados y tribunales de la ciudad anteriormente indicada.<\/span><\/p>\n<p>[\/et_pb_text][\/et_pb_column][\/et_pb_row][\/et_pb_section]<\/p>\n","protected":false},"excerpt":{"rendered":"<p>AVISO LEGAL LSSI-CE &nbsp; En cumplimiento de la Ley 34\/2002, de 11 de julio, de Servicios de la Sociedad de la Informaci\u00f3n y de Comercio Electr\u00f3nico (LSSI-CE), y de lo que exige el art\u00edculo 10 de la citada Ley, se informa que: El titular de esta p\u00e1gina web es Tecnoinstalaciones SLU, con CIF B43418110 e [&hellip;]<\/p>\n","protected":false},"author":1,"featured_media":1209,"parent":0,"menu_order":6,"comment_status":"closed","ping_status":"closed","template":"","meta":{"_et_pb_use_builder":"on","_et_pb_old_content":"","_et_gb_content_width":"","inline_featured_image":false,"footnotes":""},"class_list":["post-1314","page","type-page","status-publish","has-post-thumbnail","hentry"],"yoast_head":"<!-- This site is optimized with the Yoast SEO plugin v25.3 - https:\/\/yoast.com\/wordpress\/plugins\/seo\/ -->\n<title>Pol\u00edtica de privacidad y aviso legal Tecnoinstalaciones<\/title>\n<meta name=\"description\" content=\"Consulta nuestra pol\u00edtica de privacidad y t\u00e9rminos legales para usuarios y clientes | Tecnoinstalaciones\" \/>\n<meta name=\"robots\" content=\"index, follow, max-snippet:-1, max-image-preview:large, max-video-preview:-1\" \/>\n<link rel=\"canonical\" href=\"https:\/\/tecnoinstal.info\/es\/politica-de-privacidad-aviso-legal\/\" \/>\n<meta property=\"og:locale\" content=\"es_ES\" \/>\n<meta property=\"og:type\" content=\"article\" \/>\n<meta property=\"og:title\" content=\"Pol\u00edtica de privacidad y aviso legal Tecnoinstalaciones\" \/>\n<meta property=\"og:description\" content=\"Consulta nuestra pol\u00edtica de privacidad y t\u00e9rminos legales para usuarios y clientes | Tecnoinstalaciones\" \/>\n<meta property=\"og:url\" content=\"https:\/\/tecnoinstal.info\/es\/politica-de-privacidad-aviso-legal\/\" \/>\n<meta property=\"og:site_name\" content=\"Instal\u00b7lacions i manteniment\" \/>\n<meta property=\"article:modified_time\" content=\"2025-06-13T17:22:15+00:00\" \/>\n<meta property=\"og:image\" content=\"https:\/\/tecnoinstal.info\/wp-content\/uploads\/2025\/05\/cropped-favicon.png\" \/>\n\t<meta property=\"og:image:width\" content=\"512\" \/>\n\t<meta property=\"og:image:height\" content=\"512\" \/>\n\t<meta property=\"og:image:type\" content=\"image\/png\" \/>\n<meta name=\"twitter:card\" content=\"summary_large_image\" \/>\n<meta name=\"twitter:label1\" content=\"Tiempo de lectura\" \/>\n\t<meta name=\"twitter:data1\" content=\"7 minutos\" \/>\n<script type=\"application\/ld+json\" class=\"yoast-schema-graph\">{\"@context\":\"https:\/\/schema.org\",\"@graph\":[{\"@type\":\"WebPage\",\"@id\":\"https:\/\/tecnoinstal.info\/es\/politica-de-privacidad-aviso-legal\/\",\"url\":\"https:\/\/tecnoinstal.info\/es\/politica-de-privacidad-aviso-legal\/\",\"name\":\"Pol\u00edtica de privacidad y aviso legal Tecnoinstalaciones\",\"isPartOf\":{\"@id\":\"https:\/\/tecnoinstal.info\/es\/#website\"},\"primaryImageOfPage\":{\"@id\":\"https:\/\/tecnoinstal.info\/es\/politica-de-privacidad-aviso-legal\/#primaryimage\"},\"image\":{\"@id\":\"https:\/\/tecnoinstal.info\/es\/politica-de-privacidad-aviso-legal\/#primaryimage\"},\"thumbnailUrl\":\"https:\/\/tecnoinstal.info\/wp-content\/uploads\/2025\/05\/cropped-favicon.png\",\"datePublished\":\"2025-05-12T17:13:27+00:00\",\"dateModified\":\"2025-06-13T17:22:15+00:00\",\"description\":\"Consulta nuestra pol\u00edtica de privacidad y t\u00e9rminos legales para usuarios y clientes | Tecnoinstalaciones\",\"breadcrumb\":{\"@id\":\"https:\/\/tecnoinstal.info\/es\/politica-de-privacidad-aviso-legal\/#breadcrumb\"},\"inLanguage\":\"es\",\"potentialAction\":[{\"@type\":\"ReadAction\",\"target\":[\"https:\/\/tecnoinstal.info\/es\/politica-de-privacidad-aviso-legal\/\"]}]},{\"@type\":\"ImageObject\",\"inLanguage\":\"es\",\"@id\":\"https:\/\/tecnoinstal.info\/es\/politica-de-privacidad-aviso-legal\/#primaryimage\",\"url\":\"https:\/\/tecnoinstal.info\/wp-content\/uploads\/2025\/05\/cropped-favicon.png\",\"contentUrl\":\"https:\/\/tecnoinstal.info\/wp-content\/uploads\/2025\/05\/cropped-favicon.png\",\"width\":512,\"height\":512},{\"@type\":\"BreadcrumbList\",\"@id\":\"https:\/\/tecnoinstal.info\/es\/politica-de-privacidad-aviso-legal\/#breadcrumb\",\"itemListElement\":[{\"@type\":\"ListItem\",\"position\":1,\"name\":\"Portada\",\"item\":\"https:\/\/tecnoinstal.info\/es\/\"},{\"@type\":\"ListItem\",\"position\":2,\"name\":\"Pol\u00edtica de privacidad | Aviso legal\"}]},{\"@type\":\"WebSite\",\"@id\":\"https:\/\/tecnoinstal.info\/es\/#website\",\"url\":\"https:\/\/tecnoinstal.info\/es\/\",\"name\":\"Instal\u00b7lacions i manteniment\",\"description\":\"Instal\u00b7lacions i manteniment industrial per a empreses | Tecnoinstal\u00b7lacions\",\"potentialAction\":[{\"@type\":\"SearchAction\",\"target\":{\"@type\":\"EntryPoint\",\"urlTemplate\":\"https:\/\/tecnoinstal.info\/es\/?s={search_term_string}\"},\"query-input\":{\"@type\":\"PropertyValueSpecification\",\"valueRequired\":true,\"valueName\":\"search_term_string\"}}],\"inLanguage\":\"es\"}]}<\/script>\n<!-- \/ Yoast SEO plugin. -->","yoast_head_json":{"title":"Pol\u00edtica de privacidad y aviso legal Tecnoinstalaciones","description":"Consulta nuestra pol\u00edtica de privacidad y t\u00e9rminos legales para usuarios y clientes | Tecnoinstalaciones","robots":{"index":"index","follow":"follow","max-snippet":"max-snippet:-1","max-image-preview":"max-image-preview:large","max-video-preview":"max-video-preview:-1"},"canonical":"https:\/\/tecnoinstal.info\/es\/politica-de-privacidad-aviso-legal\/","og_locale":"es_ES","og_type":"article","og_title":"Pol\u00edtica de privacidad y aviso legal Tecnoinstalaciones","og_description":"Consulta nuestra pol\u00edtica de privacidad y t\u00e9rminos legales para usuarios y clientes | Tecnoinstalaciones","og_url":"https:\/\/tecnoinstal.info\/es\/politica-de-privacidad-aviso-legal\/","og_site_name":"Instal\u00b7lacions i manteniment","article_modified_time":"2025-06-13T17:22:15+00:00","og_image":[{"width":512,"height":512,"url":"https:\/\/tecnoinstal.info\/wp-content\/uploads\/2025\/05\/cropped-favicon.png","type":"image\/png"}],"twitter_card":"summary_large_image","twitter_misc":{"Tiempo de lectura":"7 minutos"},"schema":{"@context":"https:\/\/schema.org","@graph":[{"@type":"WebPage","@id":"https:\/\/tecnoinstal.info\/es\/politica-de-privacidad-aviso-legal\/","url":"https:\/\/tecnoinstal.info\/es\/politica-de-privacidad-aviso-legal\/","name":"Pol\u00edtica de privacidad y aviso legal Tecnoinstalaciones","isPartOf":{"@id":"https:\/\/tecnoinstal.info\/es\/#website"},"primaryImageOfPage":{"@id":"https:\/\/tecnoinstal.info\/es\/politica-de-privacidad-aviso-legal\/#primaryimage"},"image":{"@id":"https:\/\/tecnoinstal.info\/es\/politica-de-privacidad-aviso-legal\/#primaryimage"},"thumbnailUrl":"https:\/\/tecnoinstal.info\/wp-content\/uploads\/2025\/05\/cropped-favicon.png","datePublished":"2025-05-12T17:13:27+00:00","dateModified":"2025-06-13T17:22:15+00:00","description":"Consulta nuestra pol\u00edtica de privacidad y t\u00e9rminos legales para usuarios y clientes | Tecnoinstalaciones","breadcrumb":{"@id":"https:\/\/tecnoinstal.info\/es\/politica-de-privacidad-aviso-legal\/#breadcrumb"},"inLanguage":"es","potentialAction":[{"@type":"ReadAction","target":["https:\/\/tecnoinstal.info\/es\/politica-de-privacidad-aviso-legal\/"]}]},{"@type":"ImageObject","inLanguage":"es","@id":"https:\/\/tecnoinstal.info\/es\/politica-de-privacidad-aviso-legal\/#primaryimage","url":"https:\/\/tecnoinstal.info\/wp-content\/uploads\/2025\/05\/cropped-favicon.png","contentUrl":"https:\/\/tecnoinstal.info\/wp-content\/uploads\/2025\/05\/cropped-favicon.png","width":512,"height":512},{"@type":"BreadcrumbList","@id":"https:\/\/tecnoinstal.info\/es\/politica-de-privacidad-aviso-legal\/#breadcrumb","itemListElement":[{"@type":"ListItem","position":1,"name":"Portada","item":"https:\/\/tecnoinstal.info\/es\/"},{"@type":"ListItem","position":2,"name":"Pol\u00edtica de privacidad | Aviso legal"}]},{"@type":"WebSite","@id":"https:\/\/tecnoinstal.info\/es\/#website","url":"https:\/\/tecnoinstal.info\/es\/","name":"Instal\u00b7lacions i manteniment","description":"Instal\u00b7lacions i manteniment industrial per a empreses | Tecnoinstal\u00b7lacions","potentialAction":[{"@type":"SearchAction","target":{"@type":"EntryPoint","urlTemplate":"https:\/\/tecnoinstal.info\/es\/?s={search_term_string}"},"query-input":{"@type":"PropertyValueSpecification","valueRequired":true,"valueName":"search_term_string"}}],"inLanguage":"es"}]}},"_links":{"self":[{"href":"https:\/\/tecnoinstal.info\/es\/wp-json\/wp\/v2\/pages\/1314","targetHints":{"allow":["GET"]}}],"collection":[{"href":"https:\/\/tecnoinstal.info\/es\/wp-json\/wp\/v2\/pages"}],"about":[{"href":"https:\/\/tecnoinstal.info\/es\/wp-json\/wp\/v2\/types\/page"}],"author":[{"embeddable":true,"href":"https:\/\/tecnoinstal.info\/es\/wp-json\/wp\/v2\/users\/1"}],"replies":[{"embeddable":true,"href":"https:\/\/tecnoinstal.info\/es\/wp-json\/wp\/v2\/comments?post=1314"}],"version-history":[{"count":12,"href":"https:\/\/tecnoinstal.info\/es\/wp-json\/wp\/v2\/pages\/1314\/revisions"}],"predecessor-version":[{"id":1330,"href":"https:\/\/tecnoinstal.info\/es\/wp-json\/wp\/v2\/pages\/1314\/revisions\/1330"}],"wp:featuredmedia":[{"embeddable":true,"href":"https:\/\/tecnoinstal.info\/es\/wp-json\/wp\/v2\/media\/1209"}],"wp:attachment":[{"href":"https:\/\/tecnoinstal.info\/es\/wp-json\/wp\/v2\/media?parent=1314"}],"curies":[{"name":"wp","href":"https:\/\/api.w.org\/{rel}","templated":true}]}}